{"id":4799,"date":"2025-04-24T08:58:14","date_gmt":"2025-04-24T06:58:14","guid":{"rendered":"https:\/\/aura.uwb.pl\/?page_id=4799"},"modified":"2025-04-24T09:11:09","modified_gmt":"2025-04-24T07:11:09","slug":"thermo-repair-top-up","status":"publish","type":"page","link":"https:\/\/aurafryzur.pl\/?page_id=4799","title":{"rendered":"Thermo Repair Top Up"},"content":{"rendered":"\t\t<div data-elementor-type=\"wp-page\" data-elementor-id=\"4799\" class=\"elementor elementor-4799\" data-elementor-post-type=\"page\">\n\t\t\t\t\t\t<section class=\"elementor-section elementor-top-section elementor-element elementor-element-61a993d9 elementor-section-full_width elementor-section-height-default elementor-section-height-default\" data-id=\"61a993d9\" data-element_type=\"section\">\n\t\t\t\t\t\t<div class=\"elementor-container elementor-column-gap-no\">\n\t\t\t\t\t<div class=\"elementor-column elementor-col-100 elementor-top-column elementor-element elementor-element-16b92953\" data-id=\"16b92953\" data-element_type=\"column\">\n\t\t\t<div class=\"elementor-widget-wrap elementor-element-populated\">\n\t\t\t\t\t\t<section class=\"elementor-section elementor-inner-section elementor-element elementor-element-74e22ad1 elementor-section-boxed elementor-section-height-default elementor-section-height-default\" data-id=\"74e22ad1\" data-element_type=\"section\">\n\t\t\t\t\t\t<div class=\"elementor-container elementor-column-gap-no\">\n\t\t\t\t\t<div class=\"elementor-column elementor-col-100 elementor-inner-column elementor-element elementor-element-62323e8a\" data-id=\"62323e8a\" data-element_type=\"column\">\n\t\t\t<div class=\"elementor-widget-wrap elementor-element-populated\">\n\t\t\t\t\t\t<div class=\"elementor-element elementor-element-41484c31 elementor-widget elementor-widget-rasmsectiontitle\" data-id=\"41484c31\" data-element_type=\"widget\" data-widget_type=\"rasmsectiontitle.default\">\n\t\t\t\t<div class=\"elementor-widget-container\">\n\t\t\t\t\t<div class=\"title-area mb-25\" ><span class=\"sub-title subtitle-selector\">Kosmetyki<img decoding=\"async\" src=\"https:\/\/themeholy.com\/wordpress\/rasm\/wp-content\/uploads\/2023\/07\/title_right.svg\" alt=\"title_right\"  class=\"icon\" \/><\/span><h2 class=\"sec-title title-selector\">Thermo Repair Top Up<\/h2><p class=\"desc-selector\">THERMO REPAIR TOP UP to  zabieg daj\u0105cy efekt \u201eBOTOKSU\u201d jest rezultatem dzia\u0142alno\u015bci badawczej JEAN PAUL MYN\u00c8.<br><br>\n\nDzia\u0142a natychmiastowo, zapewniaj\u0105c maksimum przyjemno\u015bci, zwi\u0119kszaj\u0105c obj\u0119to\u015b\u0107 w\u0142os\u00f3w, wzmacniaj\u0105c je i zapewniaj\u0105c rewelacyjny blask i mi\u0119kko\u015b\u0107. Czy wiesz \u017ce nasze w\u0142osy pokryte s\u0105 warstwami keratynowymi, im bli\u017cej nasady tym jest ich wi\u0119cej im bli\u017cej ko\u0144c\u00f3wek tym nie ma ich praktycznie wcale! Dlaczego? Przez zabiegi chemiczne, ingerencje termiczn\u0105 suszarki, prostownicy lok\u00f3wki itd. Przez to nasze w\u0142osy w\u0142a\u015bnie na d\u0142ugo\u015bciach i ko\u0144cach nara\u017cone s\u0105 na zniszczenie, rozdwojone ko\u0144ce, przesuszenie. Do tej pory odbudowanie tych warstw by\u0142o niemo\u017cliwe, a\u017c do momentu stworzenia przez Jean Paul Myn\u00e8 zabiegu Thermo Repair potocznie nazywanego botoxem na w\u0142osy. To innowacyjny system leczenia w\u0142os\u00f3w na bazie ceramidu kt\u00f3rym mo\u017cemy si\u0119 pochwali\u0107 jako jedyni na \u015bwiecie. To zabieg specjalnie zaprojektowany dla w\u0142os\u00f3w kruchych, suchych, zniszczonych, matowych! Po zabiegu w\u0142os b\u0119dzie wzmocniony, chroniony przed uszkodzeniami poprzez odbudowanie warstw keratynowych, b\u0142yszcz\u0105cy i zdrowy! Dodatkowo zabieg jest wega\u0144ski i nie testowany na zwierz\u0119tach!<\/p><\/div>\t\t\t\t<\/div>\n\t\t\t\t<\/div>\n\t\t\t\t<div class=\"elementor-element elementor-element-09f0a72 elementor-widget elementor-widget-video\" data-id=\"09f0a72\" data-element_type=\"widget\" data-settings=\"{&quot;youtube_url&quot;:&quot;https:\\\/\\\/www.youtube.com\\\/watch?v=8IMGpaJZCkQ&quot;,&quot;video_type&quot;:&quot;youtube&quot;,&quot;controls&quot;:&quot;yes&quot;}\" data-widget_type=\"video.default\">\n\t\t\t\t<div class=\"elementor-widget-container\">\n\t\t\t\t\t\t\t<div class=\"elementor-wrapper elementor-open-inline\">\n\t\t\t<div class=\"elementor-video\"><\/div>\t\t<\/div>\n\t\t\t\t\t\t<\/div>\n\t\t\t\t<\/div>\n\t\t\t\t\t<\/div>\n\t\t<\/div>\n\t\t\t\t\t<\/div>\n\t\t<\/section>\n\t\t\t\t\t<\/div>\n\t\t<\/div>\n\t\t\t\t\t<\/div>\n\t\t<\/section>\n\t\t\t\t<\/div>\n\t\t","protected":false},"excerpt":{"rendered":"<p>Kosmetyki Thermo Repair Top Up THERMO REPAIR TOP UP to zabieg daj\u0105cy efekt \u201eBOTOKSU\u201d jest rezultatem dzia\u0142alno\u015bci badawczej JEAN PAUL MYN\u00c8. Dzia\u0142a natychmiastowo, zapewniaj\u0105c maksimum przyjemno\u015bci, zwi\u0119kszaj\u0105c obj\u0119to\u015b\u0107 w\u0142os\u00f3w, wzmacniaj\u0105c je i zapewniaj\u0105c rewelacyjny blask i mi\u0119kko\u015b\u0107. Czy wiesz \u017ce nasze w\u0142osy pokryte s\u0105 warstwami keratynowymi, im bli\u017cej nasady tym jest ich wi\u0119cej im bli\u017cej&#8230;<\/p>\n","protected":false},"author":1,"featured_media":0,"parent":0,"menu_order":0,"comment_status":"closed","ping_status":"closed","template":"","meta":{"footnotes":""},"class_list":["post-4799","page","type-page","status-publish","hentry"],"aioseo_notices":[],"yoast_head":"<!-- This site is optimized with the Yoast SEO plugin v25.3 - https:\/\/yoast.com\/wordpress\/plugins\/seo\/ -->\n<title>Thermo Repair Top Up - Aura fryzur - Ewelina Opilowska<\/title>\n<meta name=\"robots\" content=\"index, follow, max-snippet:-1, max-image-preview:large, max-video-preview:-1\" \/>\n<link rel=\"canonical\" href=\"https:\/\/aurafryzur.pl\/?page_id=4799\" \/>\n<meta property=\"og:locale\" content=\"pl_PL\" \/>\n<meta property=\"og:type\" content=\"article\" \/>\n<meta property=\"og:title\" content=\"Thermo Repair Top Up - Aura fryzur - Ewelina Opilowska\" \/>\n<meta property=\"og:description\" content=\"Kosmetyki Thermo Repair Top Up THERMO REPAIR TOP UP to zabieg daj\u0105cy efekt \u201eBOTOKSU\u201d jest rezultatem dzia\u0142alno\u015bci badawczej JEAN PAUL MYN\u00c8. Dzia\u0142a natychmiastowo, zapewniaj\u0105c maksimum przyjemno\u015bci, zwi\u0119kszaj\u0105c obj\u0119to\u015b\u0107 w\u0142os\u00f3w, wzmacniaj\u0105c je i zapewniaj\u0105c rewelacyjny blask i mi\u0119kko\u015b\u0107. Czy wiesz \u017ce nasze w\u0142osy pokryte s\u0105 warstwami keratynowymi, im bli\u017cej nasady tym jest ich wi\u0119cej im bli\u017cej...\" \/>\n<meta property=\"og:url\" content=\"https:\/\/aurafryzur.pl\/?page_id=4799\" \/>\n<meta property=\"og:site_name\" content=\"Aura fryzur - Ewelina Opilowska\" \/>\n<meta property=\"article:modified_time\" content=\"2025-04-24T07:11:09+00:00\" \/>\n<meta property=\"og:image\" content=\"https:\/\/themeholy.com\/wordpress\/rasm\/wp-content\/uploads\/2023\/07\/title_right.svg\" \/>\n<meta name=\"twitter:card\" content=\"summary_large_image\" \/>\n<meta name=\"twitter:label1\" content=\"Szacowany czas czytania\" \/>\n\t<meta name=\"twitter:data1\" content=\"1 minuta\" \/>\n<script type=\"application\/ld+json\" class=\"yoast-schema-graph\">{\"@context\":\"https:\/\/schema.org\",\"@graph\":[{\"@type\":\"WebPage\",\"@id\":\"https:\/\/aurafryzur.pl\/?page_id=4799\",\"url\":\"https:\/\/aurafryzur.pl\/?page_id=4799\",\"name\":\"Thermo Repair Top Up - Aura fryzur - Ewelina Opilowska\",\"isPartOf\":{\"@id\":\"https:\/\/aurafryzur.pl\/#website\"},\"primaryImageOfPage\":{\"@id\":\"https:\/\/aurafryzur.pl\/?page_id=4799#primaryimage\"},\"image\":{\"@id\":\"https:\/\/aurafryzur.pl\/?page_id=4799#primaryimage\"},\"thumbnailUrl\":\"https:\/\/themeholy.com\/wordpress\/rasm\/wp-content\/uploads\/2023\/07\/title_right.svg\",\"datePublished\":\"2025-04-24T06:58:14+00:00\",\"dateModified\":\"2025-04-24T07:11:09+00:00\",\"breadcrumb\":{\"@id\":\"https:\/\/aurafryzur.pl\/?page_id=4799#breadcrumb\"},\"inLanguage\":\"pl-PL\",\"potentialAction\":[{\"@type\":\"ReadAction\",\"target\":[\"https:\/\/aurafryzur.pl\/?page_id=4799\"]}]},{\"@type\":\"ImageObject\",\"inLanguage\":\"pl-PL\",\"@id\":\"https:\/\/aurafryzur.pl\/?page_id=4799#primaryimage\",\"url\":\"https:\/\/themeholy.com\/wordpress\/rasm\/wp-content\/uploads\/2023\/07\/title_right.svg\",\"contentUrl\":\"https:\/\/themeholy.com\/wordpress\/rasm\/wp-content\/uploads\/2023\/07\/title_right.svg\"},{\"@type\":\"BreadcrumbList\",\"@id\":\"https:\/\/aurafryzur.pl\/?page_id=4799#breadcrumb\",\"itemListElement\":[{\"@type\":\"ListItem\",\"position\":1,\"name\":\"Strona g\u0142\u00f3wna\",\"item\":\"https:\/\/aurafryzur.pl\/\"},{\"@type\":\"ListItem\",\"position\":2,\"name\":\"Thermo Repair Top Up\"}]},{\"@type\":\"WebSite\",\"@id\":\"https:\/\/aurafryzur.pl\/#website\",\"url\":\"https:\/\/aurafryzur.pl\/\",\"name\":\"Aura fryzur - Ewelina Opilowska\",\"description\":\"\",\"potentialAction\":[{\"@type\":\"SearchAction\",\"target\":{\"@type\":\"EntryPoint\",\"urlTemplate\":\"https:\/\/aurafryzur.pl\/?s={search_term_string}\"},\"query-input\":{\"@type\":\"PropertyValueSpecification\",\"valueRequired\":true,\"valueName\":\"search_term_string\"}}],\"inLanguage\":\"pl-PL\"}]}<\/script>\n<!-- \/ Yoast SEO plugin. -->","yoast_head_json":{"title":"Thermo Repair Top Up - Aura fryzur - Ewelina Opilowska","robots":{"index":"index","follow":"follow","max-snippet":"max-snippet:-1","max-image-preview":"max-image-preview:large","max-video-preview":"max-video-preview:-1"},"canonical":"https:\/\/aurafryzur.pl\/?page_id=4799","og_locale":"pl_PL","og_type":"article","og_title":"Thermo Repair Top Up - Aura fryzur - Ewelina Opilowska","og_description":"Kosmetyki Thermo Repair Top Up THERMO REPAIR TOP UP to zabieg daj\u0105cy efekt \u201eBOTOKSU\u201d jest rezultatem dzia\u0142alno\u015bci badawczej JEAN PAUL MYN\u00c8. Dzia\u0142a natychmiastowo, zapewniaj\u0105c maksimum przyjemno\u015bci, zwi\u0119kszaj\u0105c obj\u0119to\u015b\u0107 w\u0142os\u00f3w, wzmacniaj\u0105c je i zapewniaj\u0105c rewelacyjny blask i mi\u0119kko\u015b\u0107. Czy wiesz \u017ce nasze w\u0142osy pokryte s\u0105 warstwami keratynowymi, im bli\u017cej nasady tym jest ich wi\u0119cej im bli\u017cej...","og_url":"https:\/\/aurafryzur.pl\/?page_id=4799","og_site_name":"Aura fryzur - Ewelina Opilowska","article_modified_time":"2025-04-24T07:11:09+00:00","og_image":[{"url":"https:\/\/themeholy.com\/wordpress\/rasm\/wp-content\/uploads\/2023\/07\/title_right.svg","type":"","width":"","height":""}],"twitter_card":"summary_large_image","twitter_misc":{"Szacowany czas czytania":"1 minuta"},"schema":{"@context":"https:\/\/schema.org","@graph":[{"@type":"WebPage","@id":"https:\/\/aurafryzur.pl\/?page_id=4799","url":"https:\/\/aurafryzur.pl\/?page_id=4799","name":"Thermo Repair Top Up - Aura fryzur - Ewelina Opilowska","isPartOf":{"@id":"https:\/\/aurafryzur.pl\/#website"},"primaryImageOfPage":{"@id":"https:\/\/aurafryzur.pl\/?page_id=4799#primaryimage"},"image":{"@id":"https:\/\/aurafryzur.pl\/?page_id=4799#primaryimage"},"thumbnailUrl":"https:\/\/themeholy.com\/wordpress\/rasm\/wp-content\/uploads\/2023\/07\/title_right.svg","datePublished":"2025-04-24T06:58:14+00:00","dateModified":"2025-04-24T07:11:09+00:00","breadcrumb":{"@id":"https:\/\/aurafryzur.pl\/?page_id=4799#breadcrumb"},"inLanguage":"pl-PL","potentialAction":[{"@type":"ReadAction","target":["https:\/\/aurafryzur.pl\/?page_id=4799"]}]},{"@type":"ImageObject","inLanguage":"pl-PL","@id":"https:\/\/aurafryzur.pl\/?page_id=4799#primaryimage","url":"https:\/\/themeholy.com\/wordpress\/rasm\/wp-content\/uploads\/2023\/07\/title_right.svg","contentUrl":"https:\/\/themeholy.com\/wordpress\/rasm\/wp-content\/uploads\/2023\/07\/title_right.svg"},{"@type":"BreadcrumbList","@id":"https:\/\/aurafryzur.pl\/?page_id=4799#breadcrumb","itemListElement":[{"@type":"ListItem","position":1,"name":"Strona g\u0142\u00f3wna","item":"https:\/\/aurafryzur.pl\/"},{"@type":"ListItem","position":2,"name":"Thermo Repair Top Up"}]},{"@type":"WebSite","@id":"https:\/\/aurafryzur.pl\/#website","url":"https:\/\/aurafryzur.pl\/","name":"Aura fryzur - Ewelina Opilowska","description":"","potentialAction":[{"@type":"SearchAction","target":{"@type":"EntryPoint","urlTemplate":"https:\/\/aurafryzur.pl\/?s={search_term_string}"},"query-input":{"@type":"PropertyValueSpecification","valueRequired":true,"valueName":"search_term_string"}}],"inLanguage":"pl-PL"}]}},"_links":{"self":[{"href":"https:\/\/aurafryzur.pl\/index.php?rest_route=\/wp\/v2\/pages\/4799","targetHints":{"allow":["GET"]}}],"collection":[{"href":"https:\/\/aurafryzur.pl\/index.php?rest_route=\/wp\/v2\/pages"}],"about":[{"href":"https:\/\/aurafryzur.pl\/index.php?rest_route=\/wp\/v2\/types\/page"}],"author":[{"embeddable":true,"href":"https:\/\/aurafryzur.pl\/index.php?rest_route=\/wp\/v2\/users\/1"}],"replies":[{"embeddable":true,"href":"https:\/\/aurafryzur.pl\/index.php?rest_route=%2Fwp%2Fv2%2Fcomments&post=4799"}],"version-history":[{"count":19,"href":"https:\/\/aurafryzur.pl\/index.php?rest_route=\/wp\/v2\/pages\/4799\/revisions"}],"predecessor-version":[{"id":4825,"href":"https:\/\/aurafryzur.pl\/index.php?rest_route=\/wp\/v2\/pages\/4799\/revisions\/4825"}],"wp:attachment":[{"href":"https:\/\/aurafryzur.pl\/index.php?rest_route=%2Fwp%2Fv2%2Fmedia&parent=4799"}],"curies":[{"name":"wp","href":"https:\/\/api.w.org\/{rel}","templated":true}]}}