{"id":4780,"date":"2025-04-23T20:32:59","date_gmt":"2025-04-23T18:32:59","guid":{"rendered":"https:\/\/aura.uwb.pl\/?page_id=4780"},"modified":"2025-04-24T09:19:00","modified_gmt":"2025-04-24T07:19:00","slug":"laminacja-snap","status":"publish","type":"page","link":"https:\/\/aurafryzur.pl\/?page_id=4780","title":{"rendered":"Laminacja snap"},"content":{"rendered":"\t\t<div data-elementor-type=\"wp-page\" data-elementor-id=\"4780\" class=\"elementor elementor-4780\" data-elementor-post-type=\"page\">\n\t\t\t\t\t\t<section class=\"elementor-section elementor-top-section elementor-element elementor-element-2516ae9 elementor-section-full_width elementor-section-height-default elementor-section-height-default\" data-id=\"2516ae9\" data-element_type=\"section\">\n\t\t\t\t\t\t<div class=\"elementor-container elementor-column-gap-no\">\n\t\t\t\t\t<div class=\"elementor-column elementor-col-100 elementor-top-column elementor-element elementor-element-d985861\" data-id=\"d985861\" data-element_type=\"column\">\n\t\t\t<div class=\"elementor-widget-wrap elementor-element-populated\">\n\t\t\t\t\t\t<section class=\"elementor-section elementor-inner-section elementor-element elementor-element-69fd3466 elementor-section-boxed elementor-section-height-default elementor-section-height-default\" data-id=\"69fd3466\" data-element_type=\"section\">\n\t\t\t\t\t\t<div class=\"elementor-container elementor-column-gap-no\">\n\t\t\t\t\t<div class=\"elementor-column elementor-col-100 elementor-inner-column elementor-element elementor-element-73997ff2\" data-id=\"73997ff2\" data-element_type=\"column\">\n\t\t\t<div class=\"elementor-widget-wrap elementor-element-populated\">\n\t\t\t\t\t\t<div class=\"elementor-element elementor-element-3d87357b elementor-widget elementor-widget-rasmsectiontitle\" data-id=\"3d87357b\" data-element_type=\"widget\" data-widget_type=\"rasmsectiontitle.default\">\n\t\t\t\t<div class=\"elementor-widget-container\">\n\t\t\t\t\t<div class=\"title-area\" ><span class=\"sub-title subtitle-selector\">Kosmetyki<img decoding=\"async\" src=\"https:\/\/themeholy.com\/wordpress\/rasm\/wp-content\/uploads\/2023\/07\/title_right.svg\" alt=\"title_right\"  class=\"icon\" \/><\/span><h2 class=\"sec-title title-selector\">Laminacja Snap<\/h2><\/div>\t\t\t\t<\/div>\n\t\t\t\t<\/div>\n\t\t\t\t<div class=\"elementor-element elementor-element-715d417c elementor-widget elementor-widget-image\" data-id=\"715d417c\" data-element_type=\"widget\" data-widget_type=\"image.default\">\n\t\t\t\t<div class=\"elementor-widget-container\">\n\t\t\t\t\t\t\t\t\t\t\t\t\t\t\t\t<a href=\"https:\/\/aurafryzur.pl\/wp-content\/uploads\/2025\/04\/Zrzut-ekranu-2025-04-23-o-20.33.35.jpeg\" data-elementor-open-lightbox=\"yes\" data-elementor-lightbox-title=\"Zrzut ekranu 2025-04-23 o 20.33.35\" data-e-action-hash=\"#elementor-action%3Aaction%3Dlightbox%26settings%3DeyJpZCI6NDc4MywidXJsIjoiaHR0cHM6XC9cL2F1cmFmcnl6dXIucGxcL3dwLWNvbnRlbnRcL3VwbG9hZHNcLzIwMjVcLzA0XC9acnp1dC1la3JhbnUtMjAyNS0wNC0yMy1vLTIwLjMzLjM1LmpwZWcifQ%3D%3D\">\n\t\t\t\t\t\t\t<img fetchpriority=\"high\" decoding=\"async\" width=\"939\" height=\"1320\" src=\"https:\/\/aurafryzur.pl\/wp-content\/uploads\/2025\/04\/Zrzut-ekranu-2025-04-23-o-20.33.35.jpeg\" class=\"attachment-full size-full wp-image-4783\" alt=\"\" srcset=\"https:\/\/aurafryzur.pl\/wp-content\/uploads\/2025\/04\/Zrzut-ekranu-2025-04-23-o-20.33.35.jpeg 939w, https:\/\/aurafryzur.pl\/wp-content\/uploads\/2025\/04\/Zrzut-ekranu-2025-04-23-o-20.33.35-213x300.jpeg 213w, https:\/\/aurafryzur.pl\/wp-content\/uploads\/2025\/04\/Zrzut-ekranu-2025-04-23-o-20.33.35-728x1024.jpeg 728w, https:\/\/aurafryzur.pl\/wp-content\/uploads\/2025\/04\/Zrzut-ekranu-2025-04-23-o-20.33.35-768x1080.jpeg 768w, https:\/\/aurafryzur.pl\/wp-content\/uploads\/2025\/04\/Zrzut-ekranu-2025-04-23-o-20.33.35-600x843.jpeg 600w\" sizes=\"(max-width: 939px) 100vw, 939px\" \/>\t\t\t\t\t\t\t\t<\/a>\n\t\t\t\t\t\t\t\t\t\t\t\t\t\t\t<\/div>\n\t\t\t\t<\/div>\n\t\t\t\t<div class=\"elementor-element elementor-element-d6c1f00 elementor-widget elementor-widget-image\" data-id=\"d6c1f00\" data-element_type=\"widget\" data-widget_type=\"image.default\">\n\t\t\t\t<div class=\"elementor-widget-container\">\n\t\t\t\t\t\t\t\t\t\t\t\t\t\t\t\t<a href=\"https:\/\/aurafryzur.pl\/wp-content\/uploads\/2025\/04\/Zrzut-ekranu-2025-04-23-o-20.33.41.jpeg\" data-elementor-open-lightbox=\"yes\" data-elementor-lightbox-title=\"Zrzut ekranu 2025-04-23 o 20.33.41\" data-e-action-hash=\"#elementor-action%3Aaction%3Dlightbox%26settings%3DeyJpZCI6NDc4NCwidXJsIjoiaHR0cHM6XC9cL2F1cmFmcnl6dXIucGxcL3dwLWNvbnRlbnRcL3VwbG9hZHNcLzIwMjVcLzA0XC9acnp1dC1la3JhbnUtMjAyNS0wNC0yMy1vLTIwLjMzLjQxLmpwZWcifQ%3D%3D\">\n\t\t\t\t\t\t\t<img decoding=\"async\" width=\"939\" height=\"1315\" src=\"https:\/\/aurafryzur.pl\/wp-content\/uploads\/2025\/04\/Zrzut-ekranu-2025-04-23-o-20.33.41.jpeg\" class=\"attachment-full size-full wp-image-4784\" alt=\"\" srcset=\"https:\/\/aurafryzur.pl\/wp-content\/uploads\/2025\/04\/Zrzut-ekranu-2025-04-23-o-20.33.41.jpeg 939w, https:\/\/aurafryzur.pl\/wp-content\/uploads\/2025\/04\/Zrzut-ekranu-2025-04-23-o-20.33.41-214x300.jpeg 214w, https:\/\/aurafryzur.pl\/wp-content\/uploads\/2025\/04\/Zrzut-ekranu-2025-04-23-o-20.33.41-731x1024.jpeg 731w, https:\/\/aurafryzur.pl\/wp-content\/uploads\/2025\/04\/Zrzut-ekranu-2025-04-23-o-20.33.41-768x1076.jpeg 768w, https:\/\/aurafryzur.pl\/wp-content\/uploads\/2025\/04\/Zrzut-ekranu-2025-04-23-o-20.33.41-600x840.jpeg 600w\" sizes=\"(max-width: 939px) 100vw, 939px\" \/>\t\t\t\t\t\t\t\t<\/a>\n\t\t\t\t\t\t\t\t\t\t\t\t\t\t\t<\/div>\n\t\t\t\t<\/div>\n\t\t\t\t<div class=\"elementor-element elementor-element-8cfdf39 elementor-widget elementor-widget-image\" data-id=\"8cfdf39\" data-element_type=\"widget\" data-widget_type=\"image.default\">\n\t\t\t\t<div class=\"elementor-widget-container\">\n\t\t\t\t\t\t\t\t\t\t\t\t\t\t\t\t<a href=\"https:\/\/aurafryzur.pl\/wp-content\/uploads\/2025\/04\/Zrzut-ekranu-2025-04-23-o-20.33.47.jpeg\" data-elementor-open-lightbox=\"yes\" data-elementor-lightbox-title=\"Zrzut ekranu 2025-04-23 o 20.33.47\" data-e-action-hash=\"#elementor-action%3Aaction%3Dlightbox%26settings%3DeyJpZCI6NDc4NSwidXJsIjoiaHR0cHM6XC9cL2F1cmFmcnl6dXIucGxcL3dwLWNvbnRlbnRcL3VwbG9hZHNcLzIwMjVcLzA0XC9acnp1dC1la3JhbnUtMjAyNS0wNC0yMy1vLTIwLjMzLjQ3LmpwZWcifQ%3D%3D\">\n\t\t\t\t\t\t\t<img decoding=\"async\" width=\"939\" height=\"1318\" src=\"https:\/\/aurafryzur.pl\/wp-content\/uploads\/2025\/04\/Zrzut-ekranu-2025-04-23-o-20.33.47.jpeg\" class=\"attachment-full size-full wp-image-4785\" alt=\"\" srcset=\"https:\/\/aurafryzur.pl\/wp-content\/uploads\/2025\/04\/Zrzut-ekranu-2025-04-23-o-20.33.47.jpeg 939w, https:\/\/aurafryzur.pl\/wp-content\/uploads\/2025\/04\/Zrzut-ekranu-2025-04-23-o-20.33.47-214x300.jpeg 214w, https:\/\/aurafryzur.pl\/wp-content\/uploads\/2025\/04\/Zrzut-ekranu-2025-04-23-o-20.33.47-730x1024.jpeg 730w, https:\/\/aurafryzur.pl\/wp-content\/uploads\/2025\/04\/Zrzut-ekranu-2025-04-23-o-20.33.47-768x1078.jpeg 768w, https:\/\/aurafryzur.pl\/wp-content\/uploads\/2025\/04\/Zrzut-ekranu-2025-04-23-o-20.33.47-600x842.jpeg 600w\" sizes=\"(max-width: 939px) 100vw, 939px\" \/>\t\t\t\t\t\t\t\t<\/a>\n\t\t\t\t\t\t\t\t\t\t\t\t\t\t\t<\/div>\n\t\t\t\t<\/div>\n\t\t\t\t<div class=\"elementor-element elementor-element-6c16348 elementor-widget elementor-widget-image\" data-id=\"6c16348\" data-element_type=\"widget\" data-widget_type=\"image.default\">\n\t\t\t\t<div class=\"elementor-widget-container\">\n\t\t\t\t\t\t\t\t\t\t\t\t\t\t\t\t<a href=\"https:\/\/aurafryzur.pl\/wp-content\/uploads\/2025\/04\/Zrzut-ekranu-2025-04-23-o-20.33.53.jpeg\" data-elementor-open-lightbox=\"yes\" data-elementor-lightbox-title=\"Zrzut ekranu 2025-04-23 o 20.33.53\" data-e-action-hash=\"#elementor-action%3Aaction%3Dlightbox%26settings%3DeyJpZCI6NDc4NiwidXJsIjoiaHR0cHM6XC9cL2F1cmFmcnl6dXIucGxcL3dwLWNvbnRlbnRcL3VwbG9hZHNcLzIwMjVcLzA0XC9acnp1dC1la3JhbnUtMjAyNS0wNC0yMy1vLTIwLjMzLjUzLmpwZWcifQ%3D%3D\">\n\t\t\t\t\t\t\t<img loading=\"lazy\" decoding=\"async\" width=\"939\" height=\"671\" src=\"https:\/\/aurafryzur.pl\/wp-content\/uploads\/2025\/04\/Zrzut-ekranu-2025-04-23-o-20.33.53.jpeg\" class=\"attachment-full size-full wp-image-4786\" alt=\"\" srcset=\"https:\/\/aurafryzur.pl\/wp-content\/uploads\/2025\/04\/Zrzut-ekranu-2025-04-23-o-20.33.53.jpeg 939w, https:\/\/aurafryzur.pl\/wp-content\/uploads\/2025\/04\/Zrzut-ekranu-2025-04-23-o-20.33.53-300x214.jpeg 300w, https:\/\/aurafryzur.pl\/wp-content\/uploads\/2025\/04\/Zrzut-ekranu-2025-04-23-o-20.33.53-768x549.jpeg 768w, https:\/\/aurafryzur.pl\/wp-content\/uploads\/2025\/04\/Zrzut-ekranu-2025-04-23-o-20.33.53-600x429.jpeg 600w\" sizes=\"(max-width: 939px) 100vw, 939px\" \/>\t\t\t\t\t\t\t\t<\/a>\n\t\t\t\t\t\t\t\t\t\t\t\t\t\t\t<\/div>\n\t\t\t\t<\/div>\n\t\t\t\t\t<\/div>\n\t\t<\/div>\n\t\t\t\t\t<\/div>\n\t\t<\/section>\n\t\t\t\t\t<\/div>\n\t\t<\/div>\n\t\t\t\t\t<\/div>\n\t\t<\/section>\n\t\t\t\t<section class=\"elementor-section elementor-top-section elementor-element elementor-element-86b503 elementor-section-full_width footer-wrapper footer-layout3 elementor-section-height-default elementor-section-height-default\" data-id=\"86b503\" data-element_type=\"section\" data-settings=\"{&quot;background_background&quot;:&quot;classic&quot;}\">\n\t\t\t\t\t\t<div class=\"elementor-container elementor-column-gap-no\">\n\t\t\t\t\t<div class=\"elementor-column elementor-col-100 elementor-top-column elementor-element elementor-element-746d31ed\" data-id=\"746d31ed\" data-element_type=\"column\">\n\t\t\t<div class=\"elementor-widget-wrap elementor-element-populated\">\n\t\t\t\t\t\t<section class=\"elementor-section elementor-inner-section elementor-element elementor-element-62db3670 widget-area footer-style-2 elementor-section-boxed elementor-section-height-default elementor-section-height-default\" data-id=\"62db3670\" data-element_type=\"section\">\n\t\t\t\t\t\t<div class=\"elementor-container elementor-column-gap-no\">\n\t\t\t\t\t<div class=\"elementor-column elementor-col-25 elementor-inner-column elementor-element elementor-element-6bb54265\" data-id=\"6bb54265\" data-element_type=\"column\">\n\t\t\t<div class=\"elementor-widget-wrap elementor-element-populated\">\n\t\t\t\t\t\t<div class=\"elementor-element elementor-element-7d228705 elementor-widget elementor-widget-rasmaboutinfo\" data-id=\"7d228705\" data-element_type=\"widget\" data-widget_type=\"rasmaboutinfo.default\">\n\t\t\t\t<div class=\"elementor-widget-container\">\n\t\t\t\t\t<div class=\"widget footer-widget\"><div class=\"th-widget-about\"><div class=\"about-logo\"><a href=\"https:\/\/aurafryzur.pl\/\"><img decoding=\"async\" src=\"https:\/\/aurafryzur.pl\/wp-content\/uploads\/2023\/08\/logo-fr2-2-fr.png\" alt=\"Rasm\"><\/a><\/div><p class=\"about-text\">Skontaktuj si\u0119 ze mn\u0105:<\/p><div class=\"th-widget-about\"><p><strong>+48 668 436 417<\/strong><\/p><\/div><div class=\"th-social footer-social mt-40\"><a  href=\"\"><svg aria-hidden=\"true\" class=\"e-font-icon-svg e-far-address-card\" viewBox=\"0 0 576 512\" xmlns=\"http:\/\/www.w3.org\/2000\/svg\"><path d=\"M528 32H48C21.5 32 0 53.5 0 80v352c0 26.5 21.5 48 48 48h480c26.5 0 48-21.5 48-48V80c0-26.5-21.5-48-48-48zm0 400H48V80h480v352zM208 256c35.3 0 64-28.7 64-64s-28.7-64-64-64-64 28.7-64 64 28.7 64 64 64zm-89.6 128h179.2c12.4 0 22.4-8.6 22.4-19.2v-19.2c0-31.8-30.1-57.6-67.2-57.6-10.8 0-18.7 8-44.8 8-26.9 0-33.4-8-44.8-8-37.1 0-67.2 25.8-67.2 57.6v19.2c0 10.6 10 19.2 22.4 19.2zM360 320h112c4.4 0 8-3.6 8-8v-16c0-4.4-3.6-8-8-8H360c-4.4 0-8 3.6-8 8v16c0 4.4 3.6 8 8 8zm0-64h112c4.4 0 8-3.6 8-8v-16c0-4.4-3.6-8-8-8H360c-4.4 0-8 3.6-8 8v16c0 4.4 3.6 8 8 8zm0-64h112c4.4 0 8-3.6 8-8v-16c0-4.4-3.6-8-8-8H360c-4.4 0-8 3.6-8 8v16c0 4.4 3.6 8 8 8z\"><\/path><\/svg><\/a> <\/div><\/div><\/div>\t\t\t\t<\/div>\n\t\t\t\t<\/div>\n\t\t\t\t\t<\/div>\n\t\t<\/div>\n\t\t\t\t<div class=\"elementor-column elementor-col-25 elementor-inner-column elementor-element elementor-element-fdc55a\" data-id=\"fdc55a\" data-element_type=\"column\">\n\t\t\t<div class=\"elementor-widget-wrap elementor-element-populated\">\n\t\t\t\t\t\t<div class=\"elementor-element elementor-element-509f47b4 menu-all-pages-container elementor-widget elementor-widget-rasmmenuselect\" data-id=\"509f47b4\" data-element_type=\"widget\" data-widget_type=\"rasmmenuselect.default\">\n\t\t\t\t<div class=\"elementor-widget-container\">\n\t\t\t\t\t<div class=\"widget widget_nav_menu  footer-widget\"><h3 class=\"widget_title\">Menu<\/h3><div class=\"menu-all-pages-container\"><ul id=\"menu-main-menu\" class=\"rasm-menu\"><li id=\"menu-item-1022\" class=\"menu-item menu-item-type-post_type menu-item-object-page menu-item-home menu-item-1022\"><a href=\"https:\/\/aurafryzur.pl\/\">Strona g\u0142\u00f3wna<\/a><\/li>\n<li id=\"menu-item-28\" class=\"menu-item menu-item-type-post_type menu-item-object-page menu-item-28\"><a href=\"https:\/\/aurafryzur.pl\/?page_id=18\">O mnie<\/a><\/li>\n<li id=\"menu-item-1828\" class=\"menu-item menu-item-type-post_type menu-item-object-page menu-item-1828\"><a href=\"https:\/\/aurafryzur.pl\/?page_id=1823\">Cennik<\/a><\/li>\n<li id=\"menu-item-4346\" class=\"menu-item menu-item-type-post_type menu-item-object-page menu-item-4346\"><a href=\"https:\/\/aurafryzur.pl\/?page_id=3557\">Galeria<\/a><\/li>\n<li id=\"menu-item-1829\" class=\"menu-item menu-item-type-post_type menu-item-object-page menu-item-1829\"><a href=\"https:\/\/aurafryzur.pl\/?page_id=19\">Kontakt<\/a><\/li>\n<\/ul><\/div><\/div>\t\t\t\t<\/div>\n\t\t\t\t<\/div>\n\t\t\t\t\t<\/div>\n\t\t<\/div>\n\t\t\t\t<div class=\"elementor-column elementor-col-25 elementor-inner-column elementor-element elementor-element-39f98a02\" data-id=\"39f98a02\" data-element_type=\"column\">\n\t\t\t<div class=\"elementor-widget-wrap elementor-element-populated\">\n\t\t\t\t\t\t<div class=\"elementor-element elementor-element-7cec485a footer-widget elementor-widget elementor-widget-text-editor\" data-id=\"7cec485a\" data-element_type=\"widget\" data-widget_type=\"text-editor.default\">\n\t\t\t\t<div class=\"elementor-widget-container\">\n\t\t\t\t\t\t\t\t\t<h3 class=\"widget_title\">Godziny otwarcia<\/h3>\t\t\t\t\t\t\t\t<\/div>\n\t\t\t\t<\/div>\n\t\t\t\t<div class=\"elementor-element elementor-element-4ec1dc6c elementor-widget elementor-widget-text-editor\" data-id=\"4ec1dc6c\" data-element_type=\"widget\" data-widget_type=\"text-editor.default\">\n\t\t\t\t<div class=\"elementor-widget-container\">\n\t\t\t\t\t\t\t\t\t<div class=\"th-widget-schedule\"><p class=\"footer-info\">Poniedzia\u0142ek: 8:00 &#8211; 15:00<\/p><p class=\"footer-info\">Wtorek: 8:00 &#8211; 19:00<\/p><p class=\"footer-info\">\u015aroda: 7:00 &#8211; 13:30<\/p><p class=\"footer-info\">Czwartek: 8:00 &#8211; 19:00<\/p><p class=\"footer-info\">Pi\u0105tek: 8:00 &#8211; 16:00<\/p><p class=\"footer-info\">Sobota: 7:00 &#8211; 14:00<\/p><p>Niedziela: Zamkni\u0119te<\/p><\/div>\t\t\t\t\t\t\t\t<\/div>\n\t\t\t\t<\/div>\n\t\t\t\t\t<\/div>\n\t\t<\/div>\n\t\t\t\t<div class=\"elementor-column elementor-col-25 elementor-inner-column elementor-element elementor-element-3322c5d8\" data-id=\"3322c5d8\" data-element_type=\"column\">\n\t\t\t<div class=\"elementor-widget-wrap elementor-element-populated\">\n\t\t\t\t\t\t<div class=\"elementor-element elementor-element-6acc5be5 elementor-widget elementor-widget-rasmgallery\" data-id=\"6acc5be5\" data-element_type=\"widget\" data-widget_type=\"rasmgallery.default\">\n\t\t\t\t<div class=\"elementor-widget-container\">\n\t\t\t\t\t<div class=\"widget footer-widget\"><h3 class=\"widget_title\">Galeria zdj\u0119\u0107<\/h3><div class=\"sidebar-gallery\"><div class=\"gallery-thumb\"><img decoding=\"async\" src=\"https:\/\/aurafryzur.pl\/wp-content\/uploads\/2025\/04\/IMG_6789-scaled.jpeg\" alt=\"IMG_6789 scaled\"  \/><a href=\"https:\/\/aurafryzur.pl\/wp-content\/uploads\/2025\/04\/IMG_6789-scaled.jpeg\" class=\"gallery-btn popup-image\"><\/a><\/div><div class=\"gallery-thumb\"><img decoding=\"async\" src=\"https:\/\/aurafryzur.pl\/wp-content\/uploads\/2025\/04\/IMG_6771-scaled.jpeg\" alt=\"IMG_6771 scaled\"  \/><a href=\"https:\/\/aurafryzur.pl\/wp-content\/uploads\/2025\/04\/IMG_6771-scaled.jpeg\" class=\"gallery-btn popup-image\"><\/a><\/div><div class=\"gallery-thumb\"><img decoding=\"async\" src=\"https:\/\/aurafryzur.pl\/wp-content\/uploads\/2025\/04\/IMG_6765-scaled.jpeg\" alt=\"IMG_6765 scaled\"  \/><a href=\"https:\/\/aurafryzur.pl\/wp-content\/uploads\/2025\/04\/IMG_6765-scaled.jpeg\" class=\"gallery-btn popup-image\"><\/a><\/div><\/div><\/div>\t\t\t\t<\/div>\n\t\t\t\t<\/div>\n\t\t\t\t<div class=\"elementor-element elementor-element-4ee09171 elementor-widget elementor-widget-rasmbuttonwithauthors\" data-id=\"4ee09171\" data-element_type=\"widget\" data-widget_type=\"rasmbuttonwithauthors.default\">\n\t\t\t\t<div class=\"elementor-widget-container\">\n\t\t\t\t\t<div class=\"btn-group mt-45\"><a class=\"th-btn\" href=\"\/?page_id=3557\">Wi\u0119cej<i class=\"fa-solid fa-arrow-right ms-2\"><\/i><\/a><div class=\"about-profile\"><div class=\"media-body\"><\/div><\/div><\/div>\t\t\t\t<\/div>\n\t\t\t\t<\/div>\n\t\t\t\t\t<\/div>\n\t\t<\/div>\n\t\t\t\t\t<\/div>\n\t\t<\/section>\n\t\t\t\t<div class=\"elementor-element elementor-element-777c688f elementor-widget elementor-widget-text-editor\" data-id=\"777c688f\" data-element_type=\"widget\" data-widget_type=\"text-editor.default\">\n\t\t\t\t<div class=\"elementor-widget-container\">\n\t\t\t\t\t\t\t\t\t<div class=\"copyright-wrap\"><div class=\"container\"><div class=\"row align-items-center\"><div class=\"col-lg-6\"><p class=\"copyright-text\"><i class=\"fal fa-copyright\"><\/i> 2025 Aura Fryzur. Wszystkie prawa zastrze\u017cone.<\/p><\/div><\/div><\/div><\/div>\t\t\t\t\t\t\t\t<\/div>\n\t\t\t\t<\/div>\n\t\t\t\t\t<\/div>\n\t\t<\/div>\n\t\t\t\t\t<\/div>\n\t\t<\/section>\n\t\t\t\t<\/div>\n\t\t","protected":false},"excerpt":{"rendered":"<p>Kosmetyki Laminacja Snap Skontaktuj si\u0119 ze mn\u0105: +48 668 436 417 Menu Strona g\u0142\u00f3wna O mnie Cennik Galeria Kontakt Godziny otwarcia Poniedzia\u0142ek: 8:00 &#8211; 15:00 Wtorek: 8:00 &#8211; 19:00 \u015aroda: 7:00 &#8211; 13:30 Czwartek: 8:00 &#8211; 19:00 Pi\u0105tek: 8:00 &#8211; 16:00 Sobota: 7:00 &#8211; 14:00 Niedziela: Zamkni\u0119te Galeria zdj\u0119\u0107 Wi\u0119cej 2025 Aura Fryzur. Wszystkie prawa&#8230;<\/p>\n","protected":false},"author":1,"featured_media":0,"parent":0,"menu_order":0,"comment_status":"closed","ping_status":"closed","template":"","meta":{"footnotes":""},"class_list":["post-4780","page","type-page","status-publish","hentry"],"aioseo_notices":[],"yoast_head":"<!-- This site is optimized with the Yoast SEO plugin v25.3 - https:\/\/yoast.com\/wordpress\/plugins\/seo\/ -->\n<title>Laminacja snap - Aura fryzur - Ewelina Opilowska<\/title>\n<meta name=\"robots\" content=\"index, follow, max-snippet:-1, max-image-preview:large, max-video-preview:-1\" \/>\n<link rel=\"canonical\" href=\"https:\/\/aurafryzur.pl\/?page_id=4780\" \/>\n<meta property=\"og:locale\" content=\"pl_PL\" \/>\n<meta property=\"og:type\" content=\"article\" \/>\n<meta property=\"og:title\" content=\"Laminacja snap - Aura fryzur - Ewelina Opilowska\" \/>\n<meta property=\"og:description\" content=\"Kosmetyki Laminacja Snap Skontaktuj si\u0119 ze mn\u0105: +48 668 436 417 Menu Strona g\u0142\u00f3wna O mnie Cennik Galeria Kontakt Godziny otwarcia Poniedzia\u0142ek: 8:00 &#8211; 15:00 Wtorek: 8:00 &#8211; 19:00 \u015aroda: 7:00 &#8211; 13:30 Czwartek: 8:00 &#8211; 19:00 Pi\u0105tek: 8:00 &#8211; 16:00 Sobota: 7:00 &#8211; 14:00 Niedziela: Zamkni\u0119te Galeria zdj\u0119\u0107 Wi\u0119cej 2025 Aura Fryzur. Wszystkie prawa...\" \/>\n<meta property=\"og:url\" content=\"https:\/\/aurafryzur.pl\/?page_id=4780\" \/>\n<meta property=\"og:site_name\" content=\"Aura fryzur - Ewelina Opilowska\" \/>\n<meta property=\"article:modified_time\" content=\"2025-04-24T07:19:00+00:00\" \/>\n<meta property=\"og:image\" content=\"https:\/\/themeholy.com\/wordpress\/rasm\/wp-content\/uploads\/2023\/07\/title_right.svg\" \/>\n<meta name=\"twitter:card\" content=\"summary_large_image\" \/>\n<script type=\"application\/ld+json\" class=\"yoast-schema-graph\">{\"@context\":\"https:\/\/schema.org\",\"@graph\":[{\"@type\":\"WebPage\",\"@id\":\"https:\/\/aurafryzur.pl\/?page_id=4780\",\"url\":\"https:\/\/aurafryzur.pl\/?page_id=4780\",\"name\":\"Laminacja snap - Aura fryzur - Ewelina Opilowska\",\"isPartOf\":{\"@id\":\"https:\/\/aurafryzur.pl\/#website\"},\"primaryImageOfPage\":{\"@id\":\"https:\/\/aurafryzur.pl\/?page_id=4780#primaryimage\"},\"image\":{\"@id\":\"https:\/\/aurafryzur.pl\/?page_id=4780#primaryimage\"},\"thumbnailUrl\":\"https:\/\/themeholy.com\/wordpress\/rasm\/wp-content\/uploads\/2023\/07\/title_right.svg\",\"datePublished\":\"2025-04-23T18:32:59+00:00\",\"dateModified\":\"2025-04-24T07:19:00+00:00\",\"breadcrumb\":{\"@id\":\"https:\/\/aurafryzur.pl\/?page_id=4780#breadcrumb\"},\"inLanguage\":\"pl-PL\",\"potentialAction\":[{\"@type\":\"ReadAction\",\"target\":[\"https:\/\/aurafryzur.pl\/?page_id=4780\"]}]},{\"@type\":\"ImageObject\",\"inLanguage\":\"pl-PL\",\"@id\":\"https:\/\/aurafryzur.pl\/?page_id=4780#primaryimage\",\"url\":\"https:\/\/themeholy.com\/wordpress\/rasm\/wp-content\/uploads\/2023\/07\/title_right.svg\",\"contentUrl\":\"https:\/\/themeholy.com\/wordpress\/rasm\/wp-content\/uploads\/2023\/07\/title_right.svg\"},{\"@type\":\"BreadcrumbList\",\"@id\":\"https:\/\/aurafryzur.pl\/?page_id=4780#breadcrumb\",\"itemListElement\":[{\"@type\":\"ListItem\",\"position\":1,\"name\":\"Strona g\u0142\u00f3wna\",\"item\":\"https:\/\/aurafryzur.pl\/\"},{\"@type\":\"ListItem\",\"position\":2,\"name\":\"Laminacja snap\"}]},{\"@type\":\"WebSite\",\"@id\":\"https:\/\/aurafryzur.pl\/#website\",\"url\":\"https:\/\/aurafryzur.pl\/\",\"name\":\"Aura fryzur - Ewelina Opilowska\",\"description\":\"\",\"potentialAction\":[{\"@type\":\"SearchAction\",\"target\":{\"@type\":\"EntryPoint\",\"urlTemplate\":\"https:\/\/aurafryzur.pl\/?s={search_term_string}\"},\"query-input\":{\"@type\":\"PropertyValueSpecification\",\"valueRequired\":true,\"valueName\":\"search_term_string\"}}],\"inLanguage\":\"pl-PL\"}]}<\/script>\n<!-- \/ Yoast SEO plugin. -->","yoast_head_json":{"title":"Laminacja snap - Aura fryzur - Ewelina Opilowska","robots":{"index":"index","follow":"follow","max-snippet":"max-snippet:-1","max-image-preview":"max-image-preview:large","max-video-preview":"max-video-preview:-1"},"canonical":"https:\/\/aurafryzur.pl\/?page_id=4780","og_locale":"pl_PL","og_type":"article","og_title":"Laminacja snap - Aura fryzur - Ewelina Opilowska","og_description":"Kosmetyki Laminacja Snap Skontaktuj si\u0119 ze mn\u0105: +48 668 436 417 Menu Strona g\u0142\u00f3wna O mnie Cennik Galeria Kontakt Godziny otwarcia Poniedzia\u0142ek: 8:00 &#8211; 15:00 Wtorek: 8:00 &#8211; 19:00 \u015aroda: 7:00 &#8211; 13:30 Czwartek: 8:00 &#8211; 19:00 Pi\u0105tek: 8:00 &#8211; 16:00 Sobota: 7:00 &#8211; 14:00 Niedziela: Zamkni\u0119te Galeria zdj\u0119\u0107 Wi\u0119cej 2025 Aura Fryzur. Wszystkie prawa...","og_url":"https:\/\/aurafryzur.pl\/?page_id=4780","og_site_name":"Aura fryzur - Ewelina Opilowska","article_modified_time":"2025-04-24T07:19:00+00:00","og_image":[{"url":"https:\/\/themeholy.com\/wordpress\/rasm\/wp-content\/uploads\/2023\/07\/title_right.svg","type":"","width":"","height":""}],"twitter_card":"summary_large_image","schema":{"@context":"https:\/\/schema.org","@graph":[{"@type":"WebPage","@id":"https:\/\/aurafryzur.pl\/?page_id=4780","url":"https:\/\/aurafryzur.pl\/?page_id=4780","name":"Laminacja snap - Aura fryzur - Ewelina Opilowska","isPartOf":{"@id":"https:\/\/aurafryzur.pl\/#website"},"primaryImageOfPage":{"@id":"https:\/\/aurafryzur.pl\/?page_id=4780#primaryimage"},"image":{"@id":"https:\/\/aurafryzur.pl\/?page_id=4780#primaryimage"},"thumbnailUrl":"https:\/\/themeholy.com\/wordpress\/rasm\/wp-content\/uploads\/2023\/07\/title_right.svg","datePublished":"2025-04-23T18:32:59+00:00","dateModified":"2025-04-24T07:19:00+00:00","breadcrumb":{"@id":"https:\/\/aurafryzur.pl\/?page_id=4780#breadcrumb"},"inLanguage":"pl-PL","potentialAction":[{"@type":"ReadAction","target":["https:\/\/aurafryzur.pl\/?page_id=4780"]}]},{"@type":"ImageObject","inLanguage":"pl-PL","@id":"https:\/\/aurafryzur.pl\/?page_id=4780#primaryimage","url":"https:\/\/themeholy.com\/wordpress\/rasm\/wp-content\/uploads\/2023\/07\/title_right.svg","contentUrl":"https:\/\/themeholy.com\/wordpress\/rasm\/wp-content\/uploads\/2023\/07\/title_right.svg"},{"@type":"BreadcrumbList","@id":"https:\/\/aurafryzur.pl\/?page_id=4780#breadcrumb","itemListElement":[{"@type":"ListItem","position":1,"name":"Strona g\u0142\u00f3wna","item":"https:\/\/aurafryzur.pl\/"},{"@type":"ListItem","position":2,"name":"Laminacja snap"}]},{"@type":"WebSite","@id":"https:\/\/aurafryzur.pl\/#website","url":"https:\/\/aurafryzur.pl\/","name":"Aura fryzur - Ewelina Opilowska","description":"","potentialAction":[{"@type":"SearchAction","target":{"@type":"EntryPoint","urlTemplate":"https:\/\/aurafryzur.pl\/?s={search_term_string}"},"query-input":{"@type":"PropertyValueSpecification","valueRequired":true,"valueName":"search_term_string"}}],"inLanguage":"pl-PL"}]}},"_links":{"self":[{"href":"https:\/\/aurafryzur.pl\/index.php?rest_route=\/wp\/v2\/pages\/4780","targetHints":{"allow":["GET"]}}],"collection":[{"href":"https:\/\/aurafryzur.pl\/index.php?rest_route=\/wp\/v2\/pages"}],"about":[{"href":"https:\/\/aurafryzur.pl\/index.php?rest_route=\/wp\/v2\/types\/page"}],"author":[{"embeddable":true,"href":"https:\/\/aurafryzur.pl\/index.php?rest_route=\/wp\/v2\/users\/1"}],"replies":[{"embeddable":true,"href":"https:\/\/aurafryzur.pl\/index.php?rest_route=%2Fwp%2Fv2%2Fcomments&post=4780"}],"version-history":[{"count":10,"href":"https:\/\/aurafryzur.pl\/index.php?rest_route=\/wp\/v2\/pages\/4780\/revisions"}],"predecessor-version":[{"id":4849,"href":"https:\/\/aurafryzur.pl\/index.php?rest_route=\/wp\/v2\/pages\/4780\/revisions\/4849"}],"wp:attachment":[{"href":"https:\/\/aurafryzur.pl\/index.php?rest_route=%2Fwp%2Fv2%2Fmedia&parent=4780"}],"curies":[{"name":"wp","href":"https:\/\/api.w.org\/{rel}","templated":true}]}}