{"id":4725,"date":"2025-04-23T19:56:39","date_gmt":"2025-04-23T17:56:39","guid":{"rendered":"https:\/\/aura.uwb.pl\/?page_id=4725"},"modified":"2025-04-24T09:17:39","modified_gmt":"2025-04-24T07:17:39","slug":"zabieg-wygladzajacy","status":"publish","type":"page","link":"https:\/\/aurafryzur.pl\/?page_id=4725","title":{"rendered":"Zabieg wyg\u0142adzaj\u0105cy"},"content":{"rendered":"\t\t<div data-elementor-type=\"wp-page\" data-elementor-id=\"4725\" class=\"elementor elementor-4725\" data-elementor-post-type=\"page\">\n\t\t\t\t\t\t<section class=\"elementor-section elementor-top-section elementor-element elementor-element-6990b784 elementor-section-full_width elementor-section-height-default elementor-section-height-default\" data-id=\"6990b784\" data-element_type=\"section\">\n\t\t\t\t\t\t<div class=\"elementor-container elementor-column-gap-no\">\n\t\t\t\t\t<div class=\"elementor-column elementor-col-100 elementor-top-column elementor-element elementor-element-6a42b0d1\" data-id=\"6a42b0d1\" data-element_type=\"column\">\n\t\t\t<div class=\"elementor-widget-wrap elementor-element-populated\">\n\t\t\t\t\t\t<section class=\"elementor-section elementor-inner-section elementor-element elementor-element-60101731 elementor-section-boxed elementor-section-height-default elementor-section-height-default\" data-id=\"60101731\" data-element_type=\"section\">\n\t\t\t\t\t\t<div class=\"elementor-container elementor-column-gap-no\">\n\t\t\t\t\t<div class=\"elementor-column elementor-col-100 elementor-inner-column elementor-element elementor-element-58139b45\" data-id=\"58139b45\" data-element_type=\"column\">\n\t\t\t<div class=\"elementor-widget-wrap elementor-element-populated\">\n\t\t\t\t\t\t<div class=\"elementor-element elementor-element-6d06875b elementor-widget elementor-widget-rasmsectiontitle\" data-id=\"6d06875b\" data-element_type=\"widget\" data-widget_type=\"rasmsectiontitle.default\">\n\t\t\t\t<div class=\"elementor-widget-container\">\n\t\t\t\t\t<div class=\"title-area\" ><span class=\"sub-title subtitle-selector\">Kosmetyki<img decoding=\"async\" src=\"https:\/\/themeholy.com\/wordpress\/rasm\/wp-content\/uploads\/2023\/07\/title_right.svg\" alt=\"title_right\"  class=\"icon\" \/><\/span><h2 class=\"sec-title title-selector\">Zabieg wyg\u0142adzaj\u0105cy<\/h2><\/div>\t\t\t\t<\/div>\n\t\t\t\t<\/div>\n\t\t\t\t<div class=\"elementor-element elementor-element-64fb626a elementor-widget elementor-widget-image\" data-id=\"64fb626a\" data-element_type=\"widget\" data-widget_type=\"image.default\">\n\t\t\t\t<div class=\"elementor-widget-container\">\n\t\t\t\t\t\t\t\t\t\t\t\t\t\t\t\t<a href=\"https:\/\/aurafryzur.pl\/wp-content\/uploads\/2025\/04\/2025-04-23-o-19.54.59.jpg\" data-elementor-open-lightbox=\"yes\" data-elementor-lightbox-title=\"Screenshot\" data-e-action-hash=\"#elementor-action%3Aaction%3Dlightbox%26settings%3DeyJpZCI6NDczNSwidXJsIjoiaHR0cHM6XC9cL2F1cmFmcnl6dXIucGxcL3dwLWNvbnRlbnRcL3VwbG9hZHNcLzIwMjVcLzA0XC8yMDI1LTA0LTIzLW8tMTkuNTQuNTkuanBnIn0%3D\">\n\t\t\t\t\t\t\t<img fetchpriority=\"high\" decoding=\"async\" width=\"891\" height=\"1254\" src=\"https:\/\/aurafryzur.pl\/wp-content\/uploads\/2025\/04\/2025-04-23-o-19.54.59.jpg\" class=\"attachment-full size-full wp-image-4735\" alt=\"\" srcset=\"https:\/\/aurafryzur.pl\/wp-content\/uploads\/2025\/04\/2025-04-23-o-19.54.59.jpg 891w, https:\/\/aurafryzur.pl\/wp-content\/uploads\/2025\/04\/2025-04-23-o-19.54.59-213x300.jpg 213w, https:\/\/aurafryzur.pl\/wp-content\/uploads\/2025\/04\/2025-04-23-o-19.54.59-728x1024.jpg 728w, https:\/\/aurafryzur.pl\/wp-content\/uploads\/2025\/04\/2025-04-23-o-19.54.59-768x1081.jpg 768w, https:\/\/aurafryzur.pl\/wp-content\/uploads\/2025\/04\/2025-04-23-o-19.54.59-600x844.jpg 600w\" sizes=\"(max-width: 891px) 100vw, 891px\" \/>\t\t\t\t\t\t\t\t<\/a>\n\t\t\t\t\t\t\t\t\t\t\t\t\t\t\t<\/div>\n\t\t\t\t<\/div>\n\t\t\t\t<div class=\"elementor-element elementor-element-77be30d elementor-widget elementor-widget-image\" data-id=\"77be30d\" data-element_type=\"widget\" data-widget_type=\"image.default\">\n\t\t\t\t<div class=\"elementor-widget-container\">\n\t\t\t\t\t\t\t\t\t\t\t\t\t\t\t\t<a href=\"https:\/\/aurafryzur.pl\/wp-content\/uploads\/2025\/04\/2025-04-23-o-19.55.04.jpg\" data-elementor-open-lightbox=\"yes\" data-elementor-lightbox-title=\"Screenshot\" data-e-action-hash=\"#elementor-action%3Aaction%3Dlightbox%26settings%3DeyJpZCI6NDczNCwidXJsIjoiaHR0cHM6XC9cL2F1cmFmcnl6dXIucGxcL3dwLWNvbnRlbnRcL3VwbG9hZHNcLzIwMjVcLzA0XC8yMDI1LTA0LTIzLW8tMTkuNTUuMDQuanBnIn0%3D\">\n\t\t\t\t\t\t\t<img decoding=\"async\" width=\"877\" height=\"454\" src=\"https:\/\/aurafryzur.pl\/wp-content\/uploads\/2025\/04\/2025-04-23-o-19.55.04.jpg\" class=\"attachment-full size-full wp-image-4734\" alt=\"\" srcset=\"https:\/\/aurafryzur.pl\/wp-content\/uploads\/2025\/04\/2025-04-23-o-19.55.04.jpg 877w, https:\/\/aurafryzur.pl\/wp-content\/uploads\/2025\/04\/2025-04-23-o-19.55.04-300x155.jpg 300w, https:\/\/aurafryzur.pl\/wp-content\/uploads\/2025\/04\/2025-04-23-o-19.55.04-768x398.jpg 768w, https:\/\/aurafryzur.pl\/wp-content\/uploads\/2025\/04\/2025-04-23-o-19.55.04-600x311.jpg 600w\" sizes=\"(max-width: 877px) 100vw, 877px\" \/>\t\t\t\t\t\t\t\t<\/a>\n\t\t\t\t\t\t\t\t\t\t\t\t\t\t\t<\/div>\n\t\t\t\t<\/div>\n\t\t\t\t\t<\/div>\n\t\t<\/div>\n\t\t\t\t\t<\/div>\n\t\t<\/section>\n\t\t\t\t\t<\/div>\n\t\t<\/div>\n\t\t\t\t\t<\/div>\n\t\t<\/section>\n\t\t\t\t<\/div>\n\t\t","protected":false},"excerpt":{"rendered":"<p>Kosmetyki Zabieg wyg\u0142adzaj\u0105cy<\/p>\n","protected":false},"author":1,"featured_media":0,"parent":0,"menu_order":0,"comment_status":"closed","ping_status":"closed","template":"","meta":{"footnotes":""},"class_list":["post-4725","page","type-page","status-publish","hentry"],"aioseo_notices":[],"yoast_head":"<!-- This site is optimized with the Yoast SEO plugin v25.3 - https:\/\/yoast.com\/wordpress\/plugins\/seo\/ -->\n<title>Zabieg wyg\u0142adzaj\u0105cy - Aura fryzur - Ewelina Opilowska<\/title>\n<meta name=\"robots\" content=\"index, follow, max-snippet:-1, max-image-preview:large, max-video-preview:-1\" \/>\n<link rel=\"canonical\" href=\"https:\/\/aurafryzur.pl\/?page_id=4725\" \/>\n<meta property=\"og:locale\" content=\"pl_PL\" \/>\n<meta property=\"og:type\" content=\"article\" \/>\n<meta property=\"og:title\" content=\"Zabieg wyg\u0142adzaj\u0105cy - Aura fryzur - Ewelina Opilowska\" \/>\n<meta property=\"og:description\" content=\"Kosmetyki Zabieg wyg\u0142adzaj\u0105cy\" \/>\n<meta property=\"og:url\" content=\"https:\/\/aurafryzur.pl\/?page_id=4725\" \/>\n<meta property=\"og:site_name\" content=\"Aura fryzur - Ewelina Opilowska\" \/>\n<meta property=\"article:modified_time\" content=\"2025-04-24T07:17:39+00:00\" \/>\n<meta property=\"og:image\" content=\"https:\/\/themeholy.com\/wordpress\/rasm\/wp-content\/uploads\/2023\/07\/title_right.svg\" \/>\n<meta name=\"twitter:card\" content=\"summary_large_image\" \/>\n<script type=\"application\/ld+json\" class=\"yoast-schema-graph\">{\"@context\":\"https:\/\/schema.org\",\"@graph\":[{\"@type\":\"WebPage\",\"@id\":\"https:\/\/aurafryzur.pl\/?page_id=4725\",\"url\":\"https:\/\/aurafryzur.pl\/?page_id=4725\",\"name\":\"Zabieg wyg\u0142adzaj\u0105cy - Aura fryzur - Ewelina Opilowska\",\"isPartOf\":{\"@id\":\"https:\/\/aurafryzur.pl\/#website\"},\"primaryImageOfPage\":{\"@id\":\"https:\/\/aurafryzur.pl\/?page_id=4725#primaryimage\"},\"image\":{\"@id\":\"https:\/\/aurafryzur.pl\/?page_id=4725#primaryimage\"},\"thumbnailUrl\":\"https:\/\/themeholy.com\/wordpress\/rasm\/wp-content\/uploads\/2023\/07\/title_right.svg\",\"datePublished\":\"2025-04-23T17:56:39+00:00\",\"dateModified\":\"2025-04-24T07:17:39+00:00\",\"breadcrumb\":{\"@id\":\"https:\/\/aurafryzur.pl\/?page_id=4725#breadcrumb\"},\"inLanguage\":\"pl-PL\",\"potentialAction\":[{\"@type\":\"ReadAction\",\"target\":[\"https:\/\/aurafryzur.pl\/?page_id=4725\"]}]},{\"@type\":\"ImageObject\",\"inLanguage\":\"pl-PL\",\"@id\":\"https:\/\/aurafryzur.pl\/?page_id=4725#primaryimage\",\"url\":\"https:\/\/themeholy.com\/wordpress\/rasm\/wp-content\/uploads\/2023\/07\/title_right.svg\",\"contentUrl\":\"https:\/\/themeholy.com\/wordpress\/rasm\/wp-content\/uploads\/2023\/07\/title_right.svg\"},{\"@type\":\"BreadcrumbList\",\"@id\":\"https:\/\/aurafryzur.pl\/?page_id=4725#breadcrumb\",\"itemListElement\":[{\"@type\":\"ListItem\",\"position\":1,\"name\":\"Strona g\u0142\u00f3wna\",\"item\":\"https:\/\/aurafryzur.pl\/\"},{\"@type\":\"ListItem\",\"position\":2,\"name\":\"Zabieg wyg\u0142adzaj\u0105cy\"}]},{\"@type\":\"WebSite\",\"@id\":\"https:\/\/aurafryzur.pl\/#website\",\"url\":\"https:\/\/aurafryzur.pl\/\",\"name\":\"Aura fryzur - Ewelina Opilowska\",\"description\":\"\",\"potentialAction\":[{\"@type\":\"SearchAction\",\"target\":{\"@type\":\"EntryPoint\",\"urlTemplate\":\"https:\/\/aurafryzur.pl\/?s={search_term_string}\"},\"query-input\":{\"@type\":\"PropertyValueSpecification\",\"valueRequired\":true,\"valueName\":\"search_term_string\"}}],\"inLanguage\":\"pl-PL\"}]}<\/script>\n<!-- \/ Yoast SEO plugin. -->","yoast_head_json":{"title":"Zabieg wyg\u0142adzaj\u0105cy - Aura fryzur - Ewelina Opilowska","robots":{"index":"index","follow":"follow","max-snippet":"max-snippet:-1","max-image-preview":"max-image-preview:large","max-video-preview":"max-video-preview:-1"},"canonical":"https:\/\/aurafryzur.pl\/?page_id=4725","og_locale":"pl_PL","og_type":"article","og_title":"Zabieg wyg\u0142adzaj\u0105cy - Aura fryzur - Ewelina Opilowska","og_description":"Kosmetyki Zabieg wyg\u0142adzaj\u0105cy","og_url":"https:\/\/aurafryzur.pl\/?page_id=4725","og_site_name":"Aura fryzur - Ewelina Opilowska","article_modified_time":"2025-04-24T07:17:39+00:00","og_image":[{"url":"https:\/\/themeholy.com\/wordpress\/rasm\/wp-content\/uploads\/2023\/07\/title_right.svg","type":"","width":"","height":""}],"twitter_card":"summary_large_image","schema":{"@context":"https:\/\/schema.org","@graph":[{"@type":"WebPage","@id":"https:\/\/aurafryzur.pl\/?page_id=4725","url":"https:\/\/aurafryzur.pl\/?page_id=4725","name":"Zabieg wyg\u0142adzaj\u0105cy - Aura fryzur - Ewelina Opilowska","isPartOf":{"@id":"https:\/\/aurafryzur.pl\/#website"},"primaryImageOfPage":{"@id":"https:\/\/aurafryzur.pl\/?page_id=4725#primaryimage"},"image":{"@id":"https:\/\/aurafryzur.pl\/?page_id=4725#primaryimage"},"thumbnailUrl":"https:\/\/themeholy.com\/wordpress\/rasm\/wp-content\/uploads\/2023\/07\/title_right.svg","datePublished":"2025-04-23T17:56:39+00:00","dateModified":"2025-04-24T07:17:39+00:00","breadcrumb":{"@id":"https:\/\/aurafryzur.pl\/?page_id=4725#breadcrumb"},"inLanguage":"pl-PL","potentialAction":[{"@type":"ReadAction","target":["https:\/\/aurafryzur.pl\/?page_id=4725"]}]},{"@type":"ImageObject","inLanguage":"pl-PL","@id":"https:\/\/aurafryzur.pl\/?page_id=4725#primaryimage","url":"https:\/\/themeholy.com\/wordpress\/rasm\/wp-content\/uploads\/2023\/07\/title_right.svg","contentUrl":"https:\/\/themeholy.com\/wordpress\/rasm\/wp-content\/uploads\/2023\/07\/title_right.svg"},{"@type":"BreadcrumbList","@id":"https:\/\/aurafryzur.pl\/?page_id=4725#breadcrumb","itemListElement":[{"@type":"ListItem","position":1,"name":"Strona g\u0142\u00f3wna","item":"https:\/\/aurafryzur.pl\/"},{"@type":"ListItem","position":2,"name":"Zabieg wyg\u0142adzaj\u0105cy"}]},{"@type":"WebSite","@id":"https:\/\/aurafryzur.pl\/#website","url":"https:\/\/aurafryzur.pl\/","name":"Aura fryzur - Ewelina Opilowska","description":"","potentialAction":[{"@type":"SearchAction","target":{"@type":"EntryPoint","urlTemplate":"https:\/\/aurafryzur.pl\/?s={search_term_string}"},"query-input":{"@type":"PropertyValueSpecification","valueRequired":true,"valueName":"search_term_string"}}],"inLanguage":"pl-PL"}]}},"_links":{"self":[{"href":"https:\/\/aurafryzur.pl\/index.php?rest_route=\/wp\/v2\/pages\/4725","targetHints":{"allow":["GET"]}}],"collection":[{"href":"https:\/\/aurafryzur.pl\/index.php?rest_route=\/wp\/v2\/pages"}],"about":[{"href":"https:\/\/aurafryzur.pl\/index.php?rest_route=\/wp\/v2\/types\/page"}],"author":[{"embeddable":true,"href":"https:\/\/aurafryzur.pl\/index.php?rest_route=\/wp\/v2\/users\/1"}],"replies":[{"embeddable":true,"href":"https:\/\/aurafryzur.pl\/index.php?rest_route=%2Fwp%2Fv2%2Fcomments&post=4725"}],"version-history":[{"count":10,"href":"https:\/\/aurafryzur.pl\/index.php?rest_route=\/wp\/v2\/pages\/4725\/revisions"}],"predecessor-version":[{"id":4837,"href":"https:\/\/aurafryzur.pl\/index.php?rest_route=\/wp\/v2\/pages\/4725\/revisions\/4837"}],"wp:attachment":[{"href":"https:\/\/aurafryzur.pl\/index.php?rest_route=%2Fwp%2Fv2%2Fmedia&parent=4725"}],"curies":[{"name":"wp","href":"https:\/\/api.w.org\/{rel}","templated":true}]}}