{"id":19,"date":"2023-07-14T00:12:36","date_gmt":"2023-07-14T00:12:36","guid":{"rendered":"https:\/\/themeholy.com\/wordpress\/rasm\/?page_id=19"},"modified":"2025-04-22T12:24:05","modified_gmt":"2025-04-22T10:24:05","slug":"contact","status":"publish","type":"page","link":"https:\/\/aurafryzur.pl\/?page_id=19","title":{"rendered":"Contact"},"content":{"rendered":"\t\t<div data-elementor-type=\"wp-page\" data-elementor-id=\"19\" class=\"elementor elementor-19\" data-elementor-post-type=\"page\">\n\t\t\t\t\t\t<section class=\"elementor-section elementor-top-section elementor-element elementor-element-0a42698 elementor-section-full_width elementor-section-height-default elementor-section-height-default\" data-id=\"0a42698\" data-element_type=\"section\">\n\t\t\t\t\t\t<div class=\"elementor-container elementor-column-gap-no\">\n\t\t\t\t\t<div class=\"elementor-column elementor-col-100 elementor-top-column elementor-element elementor-element-ea92326\" data-id=\"ea92326\" data-element_type=\"column\">\n\t\t\t<div class=\"elementor-widget-wrap elementor-element-populated\">\n\t\t\t\t\t\t<section class=\"elementor-section elementor-inner-section elementor-element elementor-element-135ebb3 elementor-section-boxed elementor-section-height-default elementor-section-height-default\" data-id=\"135ebb3\" data-element_type=\"section\">\n\t\t\t\t\t\t<div class=\"elementor-container elementor-column-gap-no\">\n\t\t\t\t\t<div class=\"elementor-column elementor-col-50 elementor-inner-column elementor-element elementor-element-c0b5c30\" data-id=\"c0b5c30\" data-element_type=\"column\">\n\t\t\t<div class=\"elementor-widget-wrap elementor-element-populated\">\n\t\t\t\t\t\t<div class=\"elementor-element elementor-element-e0f8b44 elementor-widget elementor-widget-rasmcontactinfov2\" data-id=\"e0f8b44\" data-element_type=\"widget\" data-widget_type=\"rasmcontactinfov2.default\">\n\t\t\t\t<div class=\"elementor-widget-container\">\n\t\t\t\t\t<div class=\"contact-info-wrap me-xl-4\"><div class=\"title-area mb-20\"><h3 class=\"sec-title\">Skontaktuj si\u0119..<\/h3><p>Masz pytania? Chcesz um\u00f3wi\u0107 wizyt\u0119 lub po prostu dowiedzie\u0107 si\u0119 wi\u0119cej? Zadzwo\u0144, napisz lub odwied\u017a nas osobi\u015bcie. Jeste\u015bmy tu, by pom\u00f3c i odpowiedzie\u0107 na wszystkie Twoje w\u0105tpliwo\u015bci!<\/p><\/div><div class=\"contact-info\"><div class=\"contact-info_icon\"><i class=\"fa-light fa-location-dot\"><\/i><\/div><div class=\"media-body\"><h3 class=\"box-title\">Nasz adres<\/h3><span class=\"contact-info_text\">ul. Kr\u00f3lowej Jadwigi 6<br>05-120 Legionowo<\/span><\/div><\/div><div class=\"contact-info\"><div class=\"contact-info_icon\"><i class=\"fa-light fa-phone\"><\/i><\/div><div class=\"media-body\"><h3 class=\"box-title\">Numer telefonu:<\/h3><span class=\"contact-info_text\"> Mobile:<a href=\"tel:+48668436417\"> +48 668 436 417 <\/a><\/span><span class=\"contact-info_text\"><a href=\"mailto:\"> <\/a><\/span><\/div><\/div><div class=\"contact-info\"><div class=\"contact-info_icon\"><i class=\"fa-light fa-clock\"><\/i><\/div><div class=\"media-body\"><h3 class=\"box-title\">Godziny otwarcia<\/h3><span class=\"contact-info_text\">Poniedzia\u0142ek: 8:00 \u2013 19:00<br>\n\nWtorek: 8:00 \u2013 19:00<br>\n\n\u015aroda: 7:00 \u2013 14:00<br>\n\nCzwartek: 8:00 \u2013 19:00<br>\n\nPi\u0105tek: 8:00 \u2013 19:00<br>\n\nSobota: 7:00 \u2013 14:00<br>\n\nNiedziela: Zamkni\u0119te<\/span><\/div><\/div><\/div>\t\t\t\t<\/div>\n\t\t\t\t<\/div>\n\t\t\t\t<div class=\"elementor-element elementor-element-9d8da28 elementor-widget elementor-widget-rasmbuttonwithauthors\" data-id=\"9d8da28\" data-element_type=\"widget\" data-widget_type=\"rasmbuttonwithauthors.default\">\n\t\t\t\t<div class=\"elementor-widget-container\">\n\t\t\t\t\t<div class=\"btn-group mt-45\"><a class=\"th-btn\" href=\"https:\/\/booksy.com\/pl-pl\/280171_aura-fryzur-afro-loki-koloryzacja-pielegnacja_fryzjer_4237_legionowo?do=invite&#038;_branch_match_id=1394624163422327104&#038;utm_medium=profile_share_from_profile&#038;_branch_referrer=H4sIAAAAAAAAA8soKSkottLXT07J0UvKz88urtRLzs%2FVN48sN%2FZwNCwsD0yyrytKTUstKsrMS49PKsovL04tsg1OTEssygQAvxUYcDwAAAA%3D\">Um\u00f3w wizyt\u0119<i class=\"fa-solid fa-arrow-right ms-2\"><\/i><\/a><div class=\"about-profile\"><div class=\"media-body\"><\/div><\/div><\/div>\t\t\t\t<\/div>\n\t\t\t\t<\/div>\n\t\t\t\t\t<\/div>\n\t\t<\/div>\n\t\t\t\t<div class=\"elementor-column elementor-col-50 elementor-inner-column elementor-element elementor-element-048418a\" data-id=\"048418a\" data-element_type=\"column\">\n\t\t\t<div class=\"elementor-widget-wrap elementor-element-populated\">\n\t\t\t\t\t\t<div class=\"elementor-element elementor-element-b3ffc06 elementor-widget elementor-widget-google_maps\" data-id=\"b3ffc06\" data-element_type=\"widget\" data-widget_type=\"google_maps.default\">\n\t\t\t\t<div class=\"elementor-widget-container\">\n\t\t\t\t\t\t\t<div class=\"elementor-custom-embed\">\n\t\t\t<iframe loading=\"lazy\"\n\t\t\t\t\tsrc=\"https:\/\/maps.google.com\/maps?q=Kr%C3%B3lowej%20Jadwigi%206%2C%2005-120%20Legionowo&#038;t=m&#038;z=14&#038;output=embed&#038;iwloc=near\"\n\t\t\t\t\ttitle=\"Kr\u00f3lowej Jadwigi 6, 05-120 Legionowo\"\n\t\t\t\t\taria-label=\"Kr\u00f3lowej Jadwigi 6, 05-120 Legionowo\"\n\t\t\t><\/iframe>\n\t\t<\/div>\n\t\t\t\t\t\t<\/div>\n\t\t\t\t<\/div>\n\t\t\t\t\t<\/div>\n\t\t<\/div>\n\t\t\t\t\t<\/div>\n\t\t<\/section>\n\t\t\t\t\t<\/div>\n\t\t<\/div>\n\t\t\t\t\t<\/div>\n\t\t<\/section>\n\t\t\t\t<section class=\"elementor-section elementor-top-section elementor-element elementor-element-c5a1b95 elementor-section-full_width footer-wrapper footer-layout3 elementor-section-height-default elementor-section-height-default\" data-id=\"c5a1b95\" data-element_type=\"section\" data-settings=\"{&quot;background_background&quot;:&quot;classic&quot;}\">\n\t\t\t\t\t\t<div class=\"elementor-container elementor-column-gap-no\">\n\t\t\t\t\t<div class=\"elementor-column elementor-col-100 elementor-top-column elementor-element elementor-element-4ef7ccc\" data-id=\"4ef7ccc\" data-element_type=\"column\">\n\t\t\t<div class=\"elementor-widget-wrap elementor-element-populated\">\n\t\t\t\t\t\t<section class=\"elementor-section elementor-inner-section elementor-element elementor-element-58a1967 widget-area footer-style-2 elementor-section-boxed elementor-section-height-default elementor-section-height-default\" data-id=\"58a1967\" data-element_type=\"section\">\n\t\t\t\t\t\t<div class=\"elementor-container elementor-column-gap-no\">\n\t\t\t\t\t<div class=\"elementor-column elementor-col-25 elementor-inner-column elementor-element elementor-element-b3993de\" data-id=\"b3993de\" data-element_type=\"column\">\n\t\t\t<div class=\"elementor-widget-wrap elementor-element-populated\">\n\t\t\t\t\t\t<div class=\"elementor-element elementor-element-5642e7d elementor-widget elementor-widget-rasmaboutinfo\" data-id=\"5642e7d\" data-element_type=\"widget\" data-widget_type=\"rasmaboutinfo.default\">\n\t\t\t\t<div class=\"elementor-widget-container\">\n\t\t\t\t\t<div class=\"widget footer-widget\"><div class=\"th-widget-about\"><div class=\"about-logo\"><a href=\"https:\/\/aurafryzur.pl\/\"><img decoding=\"async\" src=\"https:\/\/aurafryzur.pl\/wp-content\/uploads\/2023\/08\/logo-fr2-2-fr.png\" alt=\"Rasm\"><\/a><\/div><p class=\"about-text\">Skontaktuj si\u0119 ze mn\u0105:<\/p><div class=\"th-widget-about\"><p><strong>+48 668 436 417<\/strong><\/p><\/div><div class=\"th-social footer-social mt-40\"><a  href=\"\"><svg aria-hidden=\"true\" class=\"e-font-icon-svg e-far-address-card\" viewBox=\"0 0 576 512\" xmlns=\"http:\/\/www.w3.org\/2000\/svg\"><path d=\"M528 32H48C21.5 32 0 53.5 0 80v352c0 26.5 21.5 48 48 48h480c26.5 0 48-21.5 48-48V80c0-26.5-21.5-48-48-48zm0 400H48V80h480v352zM208 256c35.3 0 64-28.7 64-64s-28.7-64-64-64-64 28.7-64 64 28.7 64 64 64zm-89.6 128h179.2c12.4 0 22.4-8.6 22.4-19.2v-19.2c0-31.8-30.1-57.6-67.2-57.6-10.8 0-18.7 8-44.8 8-26.9 0-33.4-8-44.8-8-37.1 0-67.2 25.8-67.2 57.6v19.2c0 10.6 10 19.2 22.4 19.2zM360 320h112c4.4 0 8-3.6 8-8v-16c0-4.4-3.6-8-8-8H360c-4.4 0-8 3.6-8 8v16c0 4.4 3.6 8 8 8zm0-64h112c4.4 0 8-3.6 8-8v-16c0-4.4-3.6-8-8-8H360c-4.4 0-8 3.6-8 8v16c0 4.4 3.6 8 8 8zm0-64h112c4.4 0 8-3.6 8-8v-16c0-4.4-3.6-8-8-8H360c-4.4 0-8 3.6-8 8v16c0 4.4 3.6 8 8 8z\"><\/path><\/svg><\/a> <\/div><\/div><\/div>\t\t\t\t<\/div>\n\t\t\t\t<\/div>\n\t\t\t\t\t<\/div>\n\t\t<\/div>\n\t\t\t\t<div class=\"elementor-column elementor-col-25 elementor-inner-column elementor-element elementor-element-aae8913\" data-id=\"aae8913\" data-element_type=\"column\">\n\t\t\t<div class=\"elementor-widget-wrap elementor-element-populated\">\n\t\t\t\t\t\t<div class=\"elementor-element elementor-element-8fede1c menu-all-pages-container elementor-widget elementor-widget-rasmmenuselect\" data-id=\"8fede1c\" data-element_type=\"widget\" data-widget_type=\"rasmmenuselect.default\">\n\t\t\t\t<div class=\"elementor-widget-container\">\n\t\t\t\t\t<div class=\"widget widget_nav_menu  footer-widget\"><h3 class=\"widget_title\">Menu<\/h3><div class=\"menu-all-pages-container\"><ul id=\"menu-main-menu\" class=\"rasm-menu\"><li id=\"menu-item-1022\" class=\"menu-item menu-item-type-post_type menu-item-object-page menu-item-home menu-item-1022\"><a href=\"https:\/\/aurafryzur.pl\/\">Strona g\u0142\u00f3wna<\/a><\/li>\n<li id=\"menu-item-28\" class=\"menu-item menu-item-type-post_type menu-item-object-page menu-item-28\"><a href=\"https:\/\/aurafryzur.pl\/?page_id=18\">O mnie<\/a><\/li>\n<li id=\"menu-item-1828\" class=\"menu-item menu-item-type-post_type menu-item-object-page menu-item-1828\"><a href=\"https:\/\/aurafryzur.pl\/?page_id=1823\">Cennik<\/a><\/li>\n<li id=\"menu-item-4346\" class=\"menu-item menu-item-type-post_type menu-item-object-page menu-item-4346\"><a href=\"https:\/\/aurafryzur.pl\/?page_id=3557\">Galeria<\/a><\/li>\n<li id=\"menu-item-1829\" class=\"menu-item menu-item-type-post_type menu-item-object-page menu-item-1829\"><a href=\"https:\/\/aurafryzur.pl\/?page_id=19\">Kontakt<\/a><\/li>\n<\/ul><\/div><\/div>\t\t\t\t<\/div>\n\t\t\t\t<\/div>\n\t\t\t\t\t<\/div>\n\t\t<\/div>\n\t\t\t\t<div class=\"elementor-column elementor-col-25 elementor-inner-column elementor-element elementor-element-8cd2be9\" data-id=\"8cd2be9\" data-element_type=\"column\">\n\t\t\t<div class=\"elementor-widget-wrap elementor-element-populated\">\n\t\t\t\t\t\t<div class=\"elementor-element elementor-element-3aa8dba footer-widget elementor-widget elementor-widget-text-editor\" data-id=\"3aa8dba\" data-element_type=\"widget\" data-widget_type=\"text-editor.default\">\n\t\t\t\t<div class=\"elementor-widget-container\">\n\t\t\t\t\t\t\t\t\t<h3 class=\"widget_title\">Godziny otwarcia<\/h3>\t\t\t\t\t\t\t\t<\/div>\n\t\t\t\t<\/div>\n\t\t\t\t<div class=\"elementor-element elementor-element-6381bcc elementor-widget elementor-widget-text-editor\" data-id=\"6381bcc\" data-element_type=\"widget\" data-widget_type=\"text-editor.default\">\n\t\t\t\t<div class=\"elementor-widget-container\">\n\t\t\t\t\t\t\t\t\t<div class=\"th-widget-schedule\"><p class=\"footer-info\">Poniedzia\u0142ek: 8:00 &#8211; 15:00<\/p><p class=\"footer-info\">Wtorek: 8:00 &#8211; 19:00<\/p><p class=\"footer-info\">\u015aroda: 7:00 &#8211; 13:30<\/p><p class=\"footer-info\">Czwartek: 8:00 &#8211; 19:00<\/p><p class=\"footer-info\">Pi\u0105tek: 8:00 &#8211; 16:00<\/p><p class=\"footer-info\">Sobota: 7:00 &#8211; 14:00<\/p><p>Niedziela: Zamkni\u0119te<\/p><\/div>\t\t\t\t\t\t\t\t<\/div>\n\t\t\t\t<\/div>\n\t\t\t\t\t<\/div>\n\t\t<\/div>\n\t\t\t\t<div class=\"elementor-column elementor-col-25 elementor-inner-column elementor-element elementor-element-3b6a8b6\" data-id=\"3b6a8b6\" data-element_type=\"column\">\n\t\t\t<div class=\"elementor-widget-wrap elementor-element-populated\">\n\t\t\t\t\t\t<div class=\"elementor-element elementor-element-bd65119 elementor-widget elementor-widget-rasmgallery\" data-id=\"bd65119\" data-element_type=\"widget\" data-widget_type=\"rasmgallery.default\">\n\t\t\t\t<div class=\"elementor-widget-container\">\n\t\t\t\t\t<div class=\"widget footer-widget\"><h3 class=\"widget_title\">Galeria zdj\u0119\u0107<\/h3><div class=\"sidebar-gallery\"><div class=\"gallery-thumb\"><img decoding=\"async\" src=\"https:\/\/aurafryzur.pl\/wp-content\/uploads\/2025\/04\/IMG_6789-scaled.jpeg\" alt=\"IMG_6789 scaled\"  \/><a href=\"https:\/\/aurafryzur.pl\/wp-content\/uploads\/2025\/04\/IMG_6789-scaled.jpeg\" class=\"gallery-btn popup-image\"><\/a><\/div><div class=\"gallery-thumb\"><img decoding=\"async\" src=\"https:\/\/aurafryzur.pl\/wp-content\/uploads\/2025\/04\/IMG_6771-scaled.jpeg\" alt=\"IMG_6771 scaled\"  \/><a href=\"https:\/\/aurafryzur.pl\/wp-content\/uploads\/2025\/04\/IMG_6771-scaled.jpeg\" class=\"gallery-btn popup-image\"><\/a><\/div><div class=\"gallery-thumb\"><img decoding=\"async\" src=\"https:\/\/aurafryzur.pl\/wp-content\/uploads\/2025\/04\/IMG_6765-scaled.jpeg\" alt=\"IMG_6765 scaled\"  \/><a href=\"https:\/\/aurafryzur.pl\/wp-content\/uploads\/2025\/04\/IMG_6765-scaled.jpeg\" class=\"gallery-btn popup-image\"><\/a><\/div><\/div><\/div>\t\t\t\t<\/div>\n\t\t\t\t<\/div>\n\t\t\t\t<div class=\"elementor-element elementor-element-339c28d elementor-widget elementor-widget-rasmbuttonwithauthors\" data-id=\"339c28d\" data-element_type=\"widget\" data-widget_type=\"rasmbuttonwithauthors.default\">\n\t\t\t\t<div class=\"elementor-widget-container\">\n\t\t\t\t\t<div class=\"btn-group mt-45\"><a class=\"th-btn\" href=\"\/?page_id=3557\">Wi\u0119cej<i class=\"fa-solid fa-arrow-right ms-2\"><\/i><\/a><div class=\"about-profile\"><div class=\"media-body\"><\/div><\/div><\/div>\t\t\t\t<\/div>\n\t\t\t\t<\/div>\n\t\t\t\t\t<\/div>\n\t\t<\/div>\n\t\t\t\t\t<\/div>\n\t\t<\/section>\n\t\t\t\t<div class=\"elementor-element elementor-element-2c66c98 elementor-widget elementor-widget-text-editor\" data-id=\"2c66c98\" data-element_type=\"widget\" data-widget_type=\"text-editor.default\">\n\t\t\t\t<div class=\"elementor-widget-container\">\n\t\t\t\t\t\t\t\t\t<div class=\"copyright-wrap\"><div class=\"container\"><div class=\"row align-items-center\"><div class=\"col-lg-6\"><p class=\"copyright-text\"><i class=\"fal fa-copyright\"><\/i> 2025 Aura Fryzur. Wszystkie prawa zastrze\u017cone.<\/p><\/div><\/div><\/div><\/div>\t\t\t\t\t\t\t\t<\/div>\n\t\t\t\t<\/div>\n\t\t\t\t\t<\/div>\n\t\t<\/div>\n\t\t\t\t\t<\/div>\n\t\t<\/section>\n\t\t\t\t<\/div>\n\t\t","protected":false},"excerpt":{"rendered":"<p>Skontaktuj si\u0119.. Masz pytania? Chcesz um\u00f3wi\u0107 wizyt\u0119 lub po prostu dowiedzie\u0107 si\u0119 wi\u0119cej? Zadzwo\u0144, napisz lub odwied\u017a nas osobi\u015bcie. Jeste\u015bmy tu, by pom\u00f3c i odpowiedzie\u0107 na wszystkie Twoje w\u0105tpliwo\u015bci! Nasz adres ul. Kr\u00f3lowej Jadwigi 605-120 Legionowo Numer telefonu: Mobile: +48 668 436 417 Godziny otwarcia Poniedzia\u0142ek: 8:00 \u2013 19:00 Wtorek: 8:00 \u2013 19:00 \u015aroda: 7:00&#8230;<\/p>\n","protected":false},"author":1,"featured_media":0,"parent":0,"menu_order":0,"comment_status":"closed","ping_status":"closed","template":"template-builder.php","meta":{"footnotes":""},"class_list":["post-19","page","type-page","status-publish","hentry"],"aioseo_notices":[],"yoast_head":"<!-- This site is optimized with the Yoast SEO plugin v25.3 - https:\/\/yoast.com\/wordpress\/plugins\/seo\/ -->\n<title>Contact - Aura fryzur - Ewelina Opilowska<\/title>\n<meta name=\"robots\" content=\"index, follow, max-snippet:-1, max-image-preview:large, max-video-preview:-1\" \/>\n<link rel=\"canonical\" href=\"https:\/\/aurafryzur.pl\/?page_id=19\" \/>\n<meta property=\"og:locale\" content=\"pl_PL\" \/>\n<meta property=\"og:type\" content=\"article\" \/>\n<meta property=\"og:title\" content=\"Contact - Aura fryzur - Ewelina Opilowska\" \/>\n<meta property=\"og:description\" content=\"Skontaktuj si\u0119.. Masz pytania? Chcesz um\u00f3wi\u0107 wizyt\u0119 lub po prostu dowiedzie\u0107 si\u0119 wi\u0119cej? Zadzwo\u0144, napisz lub odwied\u017a nas osobi\u015bcie. Jeste\u015bmy tu, by pom\u00f3c i odpowiedzie\u0107 na wszystkie Twoje w\u0105tpliwo\u015bci! Nasz adres ul. Kr\u00f3lowej Jadwigi 605-120 Legionowo Numer telefonu: Mobile: +48 668 436 417 Godziny otwarcia Poniedzia\u0142ek: 8:00 \u2013 19:00 Wtorek: 8:00 \u2013 19:00 \u015aroda: 7:00...\" \/>\n<meta property=\"og:url\" content=\"https:\/\/aurafryzur.pl\/?page_id=19\" \/>\n<meta property=\"og:site_name\" content=\"Aura fryzur - Ewelina Opilowska\" \/>\n<meta property=\"article:modified_time\" content=\"2025-04-22T10:24:05+00:00\" \/>\n<meta property=\"og:image\" content=\"https:\/\/aura.uwb.pl\/wp-content\/uploads\/2023\/08\/logo-fr2-2-fr.png\" \/>\n<meta name=\"twitter:card\" content=\"summary_large_image\" \/>\n<meta name=\"twitter:label1\" content=\"Szacowany czas czytania\" \/>\n\t<meta name=\"twitter:data1\" content=\"1 minuta\" \/>\n<script type=\"application\/ld+json\" class=\"yoast-schema-graph\">{\"@context\":\"https:\/\/schema.org\",\"@graph\":[{\"@type\":\"WebPage\",\"@id\":\"https:\/\/aurafryzur.pl\/?page_id=19\",\"url\":\"https:\/\/aurafryzur.pl\/?page_id=19\",\"name\":\"Contact - Aura fryzur - Ewelina Opilowska\",\"isPartOf\":{\"@id\":\"https:\/\/aurafryzur.pl\/#website\"},\"primaryImageOfPage\":{\"@id\":\"https:\/\/aurafryzur.pl\/?page_id=19#primaryimage\"},\"image\":{\"@id\":\"https:\/\/aurafryzur.pl\/?page_id=19#primaryimage\"},\"thumbnailUrl\":\"https:\/\/aura.uwb.pl\/wp-content\/uploads\/2023\/08\/logo-fr2-2-fr.png\",\"datePublished\":\"2023-07-14T00:12:36+00:00\",\"dateModified\":\"2025-04-22T10:24:05+00:00\",\"breadcrumb\":{\"@id\":\"https:\/\/aurafryzur.pl\/?page_id=19#breadcrumb\"},\"inLanguage\":\"pl-PL\",\"potentialAction\":[{\"@type\":\"ReadAction\",\"target\":[\"https:\/\/aurafryzur.pl\/?page_id=19\"]}]},{\"@type\":\"ImageObject\",\"inLanguage\":\"pl-PL\",\"@id\":\"https:\/\/aurafryzur.pl\/?page_id=19#primaryimage\",\"url\":\"https:\/\/aura.uwb.pl\/wp-content\/uploads\/2023\/08\/logo-fr2-2-fr.png\",\"contentUrl\":\"https:\/\/aura.uwb.pl\/wp-content\/uploads\/2023\/08\/logo-fr2-2-fr.png\"},{\"@type\":\"BreadcrumbList\",\"@id\":\"https:\/\/aurafryzur.pl\/?page_id=19#breadcrumb\",\"itemListElement\":[{\"@type\":\"ListItem\",\"position\":1,\"name\":\"Strona g\u0142\u00f3wna\",\"item\":\"https:\/\/aurafryzur.pl\/\"},{\"@type\":\"ListItem\",\"position\":2,\"name\":\"Contact\"}]},{\"@type\":\"WebSite\",\"@id\":\"https:\/\/aurafryzur.pl\/#website\",\"url\":\"https:\/\/aurafryzur.pl\/\",\"name\":\"Aura fryzur - Ewelina Opilowska\",\"description\":\"\",\"potentialAction\":[{\"@type\":\"SearchAction\",\"target\":{\"@type\":\"EntryPoint\",\"urlTemplate\":\"https:\/\/aurafryzur.pl\/?s={search_term_string}\"},\"query-input\":{\"@type\":\"PropertyValueSpecification\",\"valueRequired\":true,\"valueName\":\"search_term_string\"}}],\"inLanguage\":\"pl-PL\"}]}<\/script>\n<!-- \/ Yoast SEO plugin. -->","yoast_head_json":{"title":"Contact - Aura fryzur - Ewelina Opilowska","robots":{"index":"index","follow":"follow","max-snippet":"max-snippet:-1","max-image-preview":"max-image-preview:large","max-video-preview":"max-video-preview:-1"},"canonical":"https:\/\/aurafryzur.pl\/?page_id=19","og_locale":"pl_PL","og_type":"article","og_title":"Contact - Aura fryzur - Ewelina Opilowska","og_description":"Skontaktuj si\u0119.. Masz pytania? Chcesz um\u00f3wi\u0107 wizyt\u0119 lub po prostu dowiedzie\u0107 si\u0119 wi\u0119cej? Zadzwo\u0144, napisz lub odwied\u017a nas osobi\u015bcie. Jeste\u015bmy tu, by pom\u00f3c i odpowiedzie\u0107 na wszystkie Twoje w\u0105tpliwo\u015bci! Nasz adres ul. Kr\u00f3lowej Jadwigi 605-120 Legionowo Numer telefonu: Mobile: +48 668 436 417 Godziny otwarcia Poniedzia\u0142ek: 8:00 \u2013 19:00 Wtorek: 8:00 \u2013 19:00 \u015aroda: 7:00...","og_url":"https:\/\/aurafryzur.pl\/?page_id=19","og_site_name":"Aura fryzur - Ewelina Opilowska","article_modified_time":"2025-04-22T10:24:05+00:00","og_image":[{"url":"https:\/\/aura.uwb.pl\/wp-content\/uploads\/2023\/08\/logo-fr2-2-fr.png","type":"","width":"","height":""}],"twitter_card":"summary_large_image","twitter_misc":{"Szacowany czas czytania":"1 minuta"},"schema":{"@context":"https:\/\/schema.org","@graph":[{"@type":"WebPage","@id":"https:\/\/aurafryzur.pl\/?page_id=19","url":"https:\/\/aurafryzur.pl\/?page_id=19","name":"Contact - Aura fryzur - Ewelina Opilowska","isPartOf":{"@id":"https:\/\/aurafryzur.pl\/#website"},"primaryImageOfPage":{"@id":"https:\/\/aurafryzur.pl\/?page_id=19#primaryimage"},"image":{"@id":"https:\/\/aurafryzur.pl\/?page_id=19#primaryimage"},"thumbnailUrl":"https:\/\/aura.uwb.pl\/wp-content\/uploads\/2023\/08\/logo-fr2-2-fr.png","datePublished":"2023-07-14T00:12:36+00:00","dateModified":"2025-04-22T10:24:05+00:00","breadcrumb":{"@id":"https:\/\/aurafryzur.pl\/?page_id=19#breadcrumb"},"inLanguage":"pl-PL","potentialAction":[{"@type":"ReadAction","target":["https:\/\/aurafryzur.pl\/?page_id=19"]}]},{"@type":"ImageObject","inLanguage":"pl-PL","@id":"https:\/\/aurafryzur.pl\/?page_id=19#primaryimage","url":"https:\/\/aura.uwb.pl\/wp-content\/uploads\/2023\/08\/logo-fr2-2-fr.png","contentUrl":"https:\/\/aura.uwb.pl\/wp-content\/uploads\/2023\/08\/logo-fr2-2-fr.png"},{"@type":"BreadcrumbList","@id":"https:\/\/aurafryzur.pl\/?page_id=19#breadcrumb","itemListElement":[{"@type":"ListItem","position":1,"name":"Strona g\u0142\u00f3wna","item":"https:\/\/aurafryzur.pl\/"},{"@type":"ListItem","position":2,"name":"Contact"}]},{"@type":"WebSite","@id":"https:\/\/aurafryzur.pl\/#website","url":"https:\/\/aurafryzur.pl\/","name":"Aura fryzur - Ewelina Opilowska","description":"","potentialAction":[{"@type":"SearchAction","target":{"@type":"EntryPoint","urlTemplate":"https:\/\/aurafryzur.pl\/?s={search_term_string}"},"query-input":{"@type":"PropertyValueSpecification","valueRequired":true,"valueName":"search_term_string"}}],"inLanguage":"pl-PL"}]}},"_links":{"self":[{"href":"https:\/\/aurafryzur.pl\/index.php?rest_route=\/wp\/v2\/pages\/19","targetHints":{"allow":["GET"]}}],"collection":[{"href":"https:\/\/aurafryzur.pl\/index.php?rest_route=\/wp\/v2\/pages"}],"about":[{"href":"https:\/\/aurafryzur.pl\/index.php?rest_route=\/wp\/v2\/types\/page"}],"author":[{"embeddable":true,"href":"https:\/\/aurafryzur.pl\/index.php?rest_route=\/wp\/v2\/users\/1"}],"replies":[{"embeddable":true,"href":"https:\/\/aurafryzur.pl\/index.php?rest_route=%2Fwp%2Fv2%2Fcomments&post=19"}],"version-history":[{"count":33,"href":"https:\/\/aurafryzur.pl\/index.php?rest_route=\/wp\/v2\/pages\/19\/revisions"}],"predecessor-version":[{"id":4574,"href":"https:\/\/aurafryzur.pl\/index.php?rest_route=\/wp\/v2\/pages\/19\/revisions\/4574"}],"wp:attachment":[{"href":"https:\/\/aurafryzur.pl\/index.php?rest_route=%2Fwp%2Fv2%2Fmedia&parent=19"}],"curies":[{"name":"wp","href":"https:\/\/api.w.org\/{rel}","templated":true}]}}